{"id":4701,"date":"2019-02-14T11:25:55","date_gmt":"2019-02-14T16:25:55","guid":{"rendered":"https:\/\/tikatours.pe\/?page_id=4701"},"modified":"2019-07-02T15:02:20","modified_gmt":"2019-07-02T20:02:20","slug":"sistema-reserva-online","status":"publish","type":"page","link":"https:\/\/tikatours.pe\/en\/sistema-reserva-online\/","title":{"rendered":"Online Booking System"},"content":{"rendered":"[vc_row][vc_column][vc_single_image source=&#8221;external_link&#8221; alignment=&#8221;center&#8221; custom_src=&#8221;http:\/\/tikatours.pe\/wp-content\/uploads\/2019\/02\/F-tika-online-eng.png&#8221;][\/vc_column][\/vc_row][vc_row][vc_column][vc_column_text]\n<h2 style=\"text-align: center;\"><span style=\"font-size: 14pt;\"><strong>Unforgettable experience with our tour packages<\/strong><\/span><\/h2>\n<p style=\"text-align: center;\"><div class=\"su-button-center\"><a href=\"https:\/\/online.tikatours.pe\/main\" class=\"su-button su-button-style-default\" style=\"color:#FFFFFF;background-color:#162b75;border-color:#12235e;border-radius:0px\" target=\"_self\" id=\"btingresar_ahora\"><span style=\"color:#FFFFFF;padding:0px 20px;font-size:16px;line-height:32px;border-color:#5c6b9f;border-radius:0px;text-shadow:none\"> LOGIN NOW<\/span><\/a><\/div>\n<p>&nbsp;<\/p>\n<p style=\"text-align: center;\">Get to know our special packages!<\/p>\n<p style=\"text-align: center;\"><strong><span style=\"font-size: 14pt;\">Don&#8217;t have an online Tika account?<\/span><\/strong><\/p>\n<p style=\"text-align: center;\"><div class=\"su-button-center\"><a href=\"http:\/\/online.tikatours.pe\/register\" class=\"su-button su-button-style-default\" style=\"color:#FFFFFF;background-color:#165175;border-color:#12415e;border-radius:0px\" target=\"_self\" id=\"btingresar_ahora\"><span style=\"color:#FFFFFF;padding:0px 20px;font-size:16px;line-height:32px;border-color:#5c869f;border-radius:0px;text-shadow:none\"> SIGN UP<\/span><\/a><\/div>\n[\/vc_column_text][\/vc_column][\/vc_row]\n","protected":false},"excerpt":{"rendered":"<p>[vc_row][vc_column][vc_single_image source=&#8221;external_link&#8221; alignment=&#8221;center&#8221; custom_src=&#8221;http:\/\/tikatours.pe\/wp-content\/uploads\/2019\/02\/F-tika-online-eng.png&#8221;][\/vc_column][\/vc_row][vc_row][vc_column][vc_column_text] Unforgettable experience with our tour packages &nbsp; Get to know our special packages! Don&#8217;t have an online Tika account? [\/vc_column_text][\/vc_column][\/vc_row]<\/p>\n","protected":false},"author":4,"featured_media":0,"parent":0,"menu_order":0,"comment_status":"closed","ping_status":"closed","template":"","meta":{"content-type":"","footnotes":""},"class_list":["post-4701","page","type-page","status-publish","hentry"],"yoast_head":"<!-- This site is optimized with the Yoast SEO plugin v27.0 - https:\/\/yoast.com\/product\/yoast-seo-wordpress\/ -->\n<title>Online Booking System | Tika Tours - Tour Operador &amp; DMC Per\u00fa<\/title>\n<meta name=\"description\" content=\"(Espa\u00f1ol) Sistema de Reservas Online de nuestros paquetes turisticos, la mejor experiencia en Per\u00fa: Paquetes dinamicos, paquetes exclusivos, etc.\" \/>\n<meta name=\"robots\" content=\"index, follow, max-snippet:-1, max-image-preview:large, max-video-preview:-1\" \/>\n<link rel=\"canonical\" href=\"https:\/\/tikatours.pe\/pb\/sistema-reserva-online\/\" \/>\n<meta property=\"og:locale\" content=\"en_US\" \/>\n<meta property=\"og:type\" content=\"article\" \/>\n<meta property=\"og:title\" content=\"Online Booking System | Tika Tours - Tour Operador &amp; DMC Per\u00fa\" \/>\n<meta property=\"og:description\" content=\"(Espa\u00f1ol) Sistema de Reservas Online de nuestros paquetes turisticos, la mejor experiencia en Per\u00fa: Paquetes dinamicos, paquetes exclusivos, etc.\" \/>\n<meta property=\"og:url\" content=\"https:\/\/tikatours.pe\/pb\/sistema-reserva-online\/\" \/>\n<meta property=\"og:site_name\" content=\"Tika Tours - Tour Operador &amp; DMC Per\u00fa\" \/>\n<meta property=\"article:publisher\" content=\"https:\/\/www.facebook.com\/tikatours\/\" \/>\n<meta property=\"article:modified_time\" content=\"2019-07-02T20:02:20+00:00\" \/>\n<meta name=\"twitter:card\" content=\"summary_large_image\" \/>\n<script type=\"application\/ld+json\" class=\"yoast-schema-graph\">{\"@context\":\"https:\/\/schema.org\",\"@graph\":[{\"@type\":\"WebPage\",\"@id\":\"https:\/\/tikatours.pe\/pb\/sistema-reserva-online\/\",\"url\":\"https:\/\/tikatours.pe\/pb\/sistema-reserva-online\/\",\"name\":\"Online Booking System | Tika Tours - Tour Operador &amp; DMC Per\u00fa\",\"isPartOf\":{\"@id\":\"https:\/\/tikatours.pe\/es\/#website\"},\"datePublished\":\"2019-02-14T16:25:55+00:00\",\"dateModified\":\"2019-07-02T20:02:20+00:00\",\"description\":\"(Espa\u00f1ol) Sistema de Reservas Online de nuestros paquetes turisticos, la mejor experiencia en Per\u00fa: Paquetes dinamicos, paquetes exclusivos, etc.\",\"breadcrumb\":{\"@id\":\"https:\/\/tikatours.pe\/pb\/sistema-reserva-online\/#breadcrumb\"},\"inLanguage\":\"en-US\",\"potentialAction\":[{\"@type\":\"ReadAction\",\"target\":[\"https:\/\/tikatours.pe\/pb\/sistema-reserva-online\/\"]}]},{\"@type\":\"BreadcrumbList\",\"@id\":\"https:\/\/tikatours.pe\/pb\/sistema-reserva-online\/#breadcrumb\",\"itemListElement\":[{\"@type\":\"ListItem\",\"position\":1,\"name\":\"Portada\",\"item\":\"https:\/\/tikatours.pe\/\"},{\"@type\":\"ListItem\",\"position\":2,\"name\":\"(Espa\u00f1ol) Sistema de Reservas Online\"}]},{\"@type\":\"WebSite\",\"@id\":\"https:\/\/tikatours.pe\/es\/#website\",\"url\":\"https:\/\/tikatours.pe\/es\/\",\"name\":\"Tika Tours - Tour Operador &amp; DMC Per\u00fa\",\"description\":\"Tailor-Made Tourism Programs Peru\",\"publisher\":{\"@id\":\"https:\/\/tikatours.pe\/es\/#organization\"},\"potentialAction\":[{\"@type\":\"SearchAction\",\"target\":{\"@type\":\"EntryPoint\",\"urlTemplate\":\"https:\/\/tikatours.pe\/es\/?s={search_term_string}\"},\"query-input\":{\"@type\":\"PropertyValueSpecification\",\"valueRequired\":true,\"valueName\":\"search_term_string\"}}],\"inLanguage\":\"en-US\"},{\"@type\":\"Organization\",\"@id\":\"https:\/\/tikatours.pe\/es\/#organization\",\"name\":\"Tika Tours\",\"url\":\"https:\/\/tikatours.pe\/es\/\",\"logo\":{\"@type\":\"ImageObject\",\"inLanguage\":\"en-US\",\"@id\":\"https:\/\/tikatours.pe\/es\/#\/schema\/logo\/image\/\",\"url\":\"https:\/\/tikatours.pe\/wp-content\/uploads\/2018\/09\/logo7v@2x.png\",\"contentUrl\":\"https:\/\/tikatours.pe\/wp-content\/uploads\/2018\/09\/logo7v@2x.png\",\"width\":336,\"height\":80,\"caption\":\"Tika Tours\"},\"image\":{\"@id\":\"https:\/\/tikatours.pe\/es\/#\/schema\/logo\/image\/\"},\"sameAs\":[\"https:\/\/www.facebook.com\/tikatours\/\"]}]}<\/script>\n<!-- \/ Yoast SEO plugin. -->","yoast_head_json":{"title":"Online Booking System | Tika Tours - Tour Operador &amp; DMC Per\u00fa","description":"(Espa\u00f1ol) Sistema de Reservas Online de nuestros paquetes turisticos, la mejor experiencia en Per\u00fa: Paquetes dinamicos, paquetes exclusivos, etc.","robots":{"index":"index","follow":"follow","max-snippet":"max-snippet:-1","max-image-preview":"max-image-preview:large","max-video-preview":"max-video-preview:-1"},"canonical":"https:\/\/tikatours.pe\/pb\/sistema-reserva-online\/","og_locale":"en_US","og_type":"article","og_title":"Online Booking System | Tika Tours - Tour Operador &amp; DMC Per\u00fa","og_description":"(Espa\u00f1ol) Sistema de Reservas Online de nuestros paquetes turisticos, la mejor experiencia en Per\u00fa: Paquetes dinamicos, paquetes exclusivos, etc.","og_url":"https:\/\/tikatours.pe\/pb\/sistema-reserva-online\/","og_site_name":"Tika Tours - Tour Operador &amp; DMC Per\u00fa","article_publisher":"https:\/\/www.facebook.com\/tikatours\/","article_modified_time":"2019-07-02T20:02:20+00:00","twitter_card":"summary_large_image","schema":{"@context":"https:\/\/schema.org","@graph":[{"@type":"WebPage","@id":"https:\/\/tikatours.pe\/pb\/sistema-reserva-online\/","url":"https:\/\/tikatours.pe\/pb\/sistema-reserva-online\/","name":"Online Booking System | Tika Tours - Tour Operador &amp; DMC Per\u00fa","isPartOf":{"@id":"https:\/\/tikatours.pe\/es\/#website"},"datePublished":"2019-02-14T16:25:55+00:00","dateModified":"2019-07-02T20:02:20+00:00","description":"(Espa\u00f1ol) Sistema de Reservas Online de nuestros paquetes turisticos, la mejor experiencia en Per\u00fa: Paquetes dinamicos, paquetes exclusivos, etc.","breadcrumb":{"@id":"https:\/\/tikatours.pe\/pb\/sistema-reserva-online\/#breadcrumb"},"inLanguage":"en-US","potentialAction":[{"@type":"ReadAction","target":["https:\/\/tikatours.pe\/pb\/sistema-reserva-online\/"]}]},{"@type":"BreadcrumbList","@id":"https:\/\/tikatours.pe\/pb\/sistema-reserva-online\/#breadcrumb","itemListElement":[{"@type":"ListItem","position":1,"name":"Portada","item":"https:\/\/tikatours.pe\/"},{"@type":"ListItem","position":2,"name":"(Espa\u00f1ol) Sistema de Reservas Online"}]},{"@type":"WebSite","@id":"https:\/\/tikatours.pe\/es\/#website","url":"https:\/\/tikatours.pe\/es\/","name":"Tika Tours - Tour Operador &amp; DMC Per\u00fa","description":"Tailor-Made Tourism Programs Peru","publisher":{"@id":"https:\/\/tikatours.pe\/es\/#organization"},"potentialAction":[{"@type":"SearchAction","target":{"@type":"EntryPoint","urlTemplate":"https:\/\/tikatours.pe\/es\/?s={search_term_string}"},"query-input":{"@type":"PropertyValueSpecification","valueRequired":true,"valueName":"search_term_string"}}],"inLanguage":"en-US"},{"@type":"Organization","@id":"https:\/\/tikatours.pe\/es\/#organization","name":"Tika Tours","url":"https:\/\/tikatours.pe\/es\/","logo":{"@type":"ImageObject","inLanguage":"en-US","@id":"https:\/\/tikatours.pe\/es\/#\/schema\/logo\/image\/","url":"https:\/\/tikatours.pe\/wp-content\/uploads\/2018\/09\/logo7v@2x.png","contentUrl":"https:\/\/tikatours.pe\/wp-content\/uploads\/2018\/09\/logo7v@2x.png","width":336,"height":80,"caption":"Tika Tours"},"image":{"@id":"https:\/\/tikatours.pe\/es\/#\/schema\/logo\/image\/"},"sameAs":["https:\/\/www.facebook.com\/tikatours\/"]}]}},"jetpack_sharing_enabled":true,"_links":{"self":[{"href":"https:\/\/tikatours.pe\/en\/wp-json\/wp\/v2\/pages\/4701","targetHints":{"allow":["GET"]}}],"collection":[{"href":"https:\/\/tikatours.pe\/en\/wp-json\/wp\/v2\/pages"}],"about":[{"href":"https:\/\/tikatours.pe\/en\/wp-json\/wp\/v2\/types\/page"}],"author":[{"embeddable":true,"href":"https:\/\/tikatours.pe\/en\/wp-json\/wp\/v2\/users\/4"}],"replies":[{"embeddable":true,"href":"https:\/\/tikatours.pe\/en\/wp-json\/wp\/v2\/comments?post=4701"}],"version-history":[{"count":29,"href":"https:\/\/tikatours.pe\/en\/wp-json\/wp\/v2\/pages\/4701\/revisions"}],"predecessor-version":[{"id":5222,"href":"https:\/\/tikatours.pe\/en\/wp-json\/wp\/v2\/pages\/4701\/revisions\/5222"}],"wp:attachment":[{"href":"https:\/\/tikatours.pe\/en\/wp-json\/wp\/v2\/media?parent=4701"}],"curies":[{"name":"wp","href":"https:\/\/api.w.org\/{rel}","templated":true}]}}