{"id":5368,"date":"2019-09-20T11:04:48","date_gmt":"2019-09-20T16:04:48","guid":{"rendered":"https:\/\/tikatours.pe\/?page_id=5368"},"modified":"2019-09-20T11:55:57","modified_gmt":"2019-09-20T16:55:57","slug":"fit-2019","status":"publish","type":"page","link":"https:\/\/tikatours.pe\/en\/fit-2019\/","title":{"rendered":"Schedule an appointment at FIT 2019"},"content":{"rendered":"[vc_row full_width=&#8221;stretch_row_content_no_spaces&#8221; content_placement=&#8221;top&#8221; css=&#8221;.vc_custom_1545501570551{background-position: 0 0 !important;background-repeat: repeat !important;}&#8221;][vc_column][vc_single_image image=&#8221;4566&#8243; img_size=&#8221;full&#8221; alignment=&#8221;center&#8221;][\/vc_column][\/vc_row][vc_row content_placement=&#8221;middle&#8221; css=&#8221;.vc_custom_1545496212328{background-color: #ffffff !important;}&#8221;][vc_column width=&#8221;1\/6&#8243; css=&#8221;.vc_custom_1545496172301{background-position: 0 0 !important;background-repeat: no-repeat !important;}&#8221;][\/vc_column][vc_column width=&#8221;2\/3&#8243;]\n<div class=\"wpcf7 no-js\" id=\"wpcf7-f4481-o1\" lang=\"en-US\" dir=\"ltr\" data-wpcf7-id=\"4481\">\n<div class=\"screen-reader-response\"><p role=\"status\" aria-live=\"polite\" aria-atomic=\"true\"><\/p> <ul><\/ul><\/div>\n<form action=\"\/en\/wp-json\/wp\/v2\/pages\/5368#wpcf7-f4481-o1\" method=\"post\" class=\"wpcf7-form init\" aria-label=\"Contact form\" novalidate=\"novalidate\" data-status=\"init\">\n<fieldset class=\"hidden-fields-container\"><input type=\"hidden\" name=\"_wpcf7\" value=\"4481\" \/><input type=\"hidden\" name=\"_wpcf7_version\" value=\"6.1.5\" \/><input type=\"hidden\" name=\"_wpcf7_locale\" value=\"en_US\" \/><input type=\"hidden\" name=\"_wpcf7_unit_tag\" value=\"wpcf7-f4481-o1\" \/><input type=\"hidden\" name=\"_wpcf7_container_post\" value=\"0\" \/><input type=\"hidden\" name=\"_wpcf7_posted_data_hash\" value=\"\" \/><input type=\"hidden\" name=\"_wpcf7_recaptcha_response\" value=\"\" \/>\n<\/fieldset>\n\n<h4 class=\"box-title\">Iniciar Reserva\n<\/h4>\n<div class=\"row form-group\">\n\t<div class=\"col-xs-6\">\n\t\t<p><label>Nombre de agencia*<\/label><span class=\"wpcf7-form-control-wrap\" data-name=\"your-company\"><input size=\"40\" maxlength=\"400\" class=\"wpcf7-form-control wpcf7-text wpcf7-validates-as-required full-width\" aria-required=\"true\" aria-invalid=\"false\" value=\"\" type=\"text\" name=\"your-company\" \/><\/span>\n\t\t<\/p>\n\t<\/div>\n\t<div class=\"col-xs-6\">\n\t\t<p><label>Representante*<\/label><span class=\"wpcf7-form-control-wrap\" data-name=\"your-name\"><input size=\"40\" maxlength=\"400\" class=\"wpcf7-form-control wpcf7-text wpcf7-validates-as-required\" aria-required=\"true\" aria-invalid=\"false\" value=\"\" type=\"text\" name=\"your-name\" \/><\/span>\n\t\t<\/p>\n\t<\/div>\n\t<div class=\"col-xs-6\">\n\t\t<p><label>Email*<\/label><span class=\"wpcf7-form-control-wrap\" data-name=\"your-email\"><input size=\"40\" maxlength=\"400\" class=\"wpcf7-form-control wpcf7-email wpcf7-validates-as-required wpcf7-text wpcf7-validates-as-email\" aria-required=\"true\" aria-invalid=\"false\" value=\"\" type=\"email\" name=\"your-email\" \/><\/span>\n\t\t<\/p>\n\t<\/div>\n<\/div>\n<div class=\"row form-group\">\n\t<div class=\"col-xs-6\">\n\t\t<p><label>Fecha de Llegada*<\/label><span class=\"wpcf7-form-control-wrap\" data-name=\"your-day\"><input size=\"40\" maxlength=\"400\" class=\"wpcf7-form-control wpcf7-text\" aria-invalid=\"false\" value=\"\" type=\"text\" name=\"your-day\" \/><\/span>\n\t\t<\/p>\n\t<\/div>\n\t<div class=\"col-xs-6\">\n\t\t<p><label>Cantidad Pax*<\/label><span class=\"wpcf7-form-control-wrap\" data-name=\"your-pax\"><input size=\"40\" maxlength=\"400\" class=\"wpcf7-form-control wpcf7-text\" aria-invalid=\"false\" value=\"\" type=\"text\" name=\"your-pax\" \/><\/span>\n\t\t<\/p>\n\t<\/div>\n<\/div>\n\n<p><input class=\"wpcf7-form-control wpcf7-submit has-spinner btn-medium\" type=\"submit\" value=\"Enviar\" \/>\n<\/p><p style=\"display: none !important;\" class=\"akismet-fields-container\" data-prefix=\"_wpcf7_ak_\"><label>&#916;<textarea name=\"_wpcf7_ak_hp_textarea\" cols=\"45\" rows=\"8\" maxlength=\"100\"><\/textarea><\/label><input type=\"hidden\" id=\"ak_js_1\" name=\"_wpcf7_ak_js\" value=\"243\"\/><script>document.getElementById( \"ak_js_1\" ).setAttribute( \"value\", ( new Date() ).getTime() );<\/script><\/p><div class=\"wpcf7-response-output\" aria-hidden=\"true\"><\/div>\n<\/form>\n<\/div>\n[\/vc_column][vc_column width=&#8221;1\/6&#8243;][\/vc_column][\/vc_row]\n","protected":false},"excerpt":{"rendered":"<p>[vc_row full_width=&#8221;stretch_row_content_no_spaces&#8221; content_placement=&#8221;top&#8221; css=&#8221;.vc_custom_1545501570551{background-position: 0 0 !important;background-repeat: repeat !important;}&#8221;][vc_column][vc_single_image image=&#8221;4566&#8243; img_size=&#8221;full&#8221; alignment=&#8221;center&#8221;][\/vc_column][\/vc_row][vc_row content_placement=&#8221;middle&#8221; css=&#8221;.vc_custom_1545496212328{background-color: #ffffff !important;}&#8221;][vc_column width=&#8221;1\/6&#8243; css=&#8221;.vc_custom_1545496172301{background-position: 0 0 !important;background-repeat: no-repeat !important;}&#8221;][\/vc_column][vc_column width=&#8221;2\/3&#8243;][\/vc_column][vc_column width=&#8221;1\/6&#8243;][\/vc_column][\/vc_row]<\/p>\n","protected":false},"author":3,"featured_media":0,"parent":0,"menu_order":0,"comment_status":"closed","ping_status":"closed","template":"","meta":{"content-type":"","footnotes":""},"class_list":["post-5368","page","type-page","status-publish","hentry"],"yoast_head":"<!-- This site is optimized with the Yoast SEO plugin v27.0 - https:\/\/yoast.com\/product\/yoast-seo-wordpress\/ -->\n<title>Schedule an appointment at FIT 2019 | Tika Tours - Tour Operador &amp; DMC Per\u00fa<\/title>\n<meta name=\"description\" content=\"(Espa\u00f1ol) Tika Tours estar\u00e1 presente en el FIT 2019 Argentina. conozca nuestros servicios y tours que ofreceremos. Agende una cita aqu\u00ed.\" \/>\n<meta name=\"robots\" content=\"index, follow, max-snippet:-1, max-image-preview:large, max-video-preview:-1\" \/>\n<link rel=\"canonical\" href=\"https:\/\/tikatours.pe\/ru\/fit-2019\/\" \/>\n<meta property=\"og:locale\" content=\"en_US\" \/>\n<meta property=\"og:type\" content=\"article\" \/>\n<meta property=\"og:title\" content=\"Schedule an appointment at FIT 2019 | Tika Tours - Tour Operador &amp; DMC Per\u00fa\" \/>\n<meta property=\"og:description\" content=\"(Espa\u00f1ol) Tika Tours estar\u00e1 presente en el FIT 2019 Argentina. conozca nuestros servicios y tours que ofreceremos. Agende una cita aqu\u00ed.\" \/>\n<meta property=\"og:url\" content=\"https:\/\/tikatours.pe\/ru\/fit-2019\/\" \/>\n<meta property=\"og:site_name\" content=\"Tika Tours - Tour Operador &amp; DMC Per\u00fa\" \/>\n<meta property=\"article:publisher\" content=\"https:\/\/www.facebook.com\/tikatours\/\" \/>\n<meta property=\"article:modified_time\" content=\"2019-09-20T16:55:57+00:00\" \/>\n<meta name=\"twitter:card\" content=\"summary_large_image\" \/>\n<script type=\"application\/ld+json\" class=\"yoast-schema-graph\">{\"@context\":\"https:\/\/schema.org\",\"@graph\":[{\"@type\":\"WebPage\",\"@id\":\"https:\/\/tikatours.pe\/ru\/fit-2019\/\",\"url\":\"https:\/\/tikatours.pe\/ru\/fit-2019\/\",\"name\":\"Schedule an appointment at FIT 2019 | Tika Tours - Tour Operador &amp; DMC Per\u00fa\",\"isPartOf\":{\"@id\":\"https:\/\/tikatours.pe\/es\/#website\"},\"datePublished\":\"2019-09-20T16:04:48+00:00\",\"dateModified\":\"2019-09-20T16:55:57+00:00\",\"description\":\"(Espa\u00f1ol) Tika Tours estar\u00e1 presente en el FIT 2019 Argentina. conozca nuestros servicios y tours que ofreceremos. Agende una cita aqu\u00ed.\",\"breadcrumb\":{\"@id\":\"https:\/\/tikatours.pe\/ru\/fit-2019\/#breadcrumb\"},\"inLanguage\":\"en-US\",\"potentialAction\":[{\"@type\":\"ReadAction\",\"target\":[\"https:\/\/tikatours.pe\/ru\/fit-2019\/\"]}]},{\"@type\":\"BreadcrumbList\",\"@id\":\"https:\/\/tikatours.pe\/ru\/fit-2019\/#breadcrumb\",\"itemListElement\":[{\"@type\":\"ListItem\",\"position\":1,\"name\":\"Portada\",\"item\":\"https:\/\/tikatours.pe\/\"},{\"@type\":\"ListItem\",\"position\":2,\"name\":\"(Espa\u00f1ol) Agendar cita en la FIT 2019\"}]},{\"@type\":\"WebSite\",\"@id\":\"https:\/\/tikatours.pe\/es\/#website\",\"url\":\"https:\/\/tikatours.pe\/es\/\",\"name\":\"Tika Tours - Tour Operador &amp; DMC Per\u00fa\",\"description\":\"Tailor-Made Tourism Programs Peru\",\"publisher\":{\"@id\":\"https:\/\/tikatours.pe\/es\/#organization\"},\"potentialAction\":[{\"@type\":\"SearchAction\",\"target\":{\"@type\":\"EntryPoint\",\"urlTemplate\":\"https:\/\/tikatours.pe\/es\/?s={search_term_string}\"},\"query-input\":{\"@type\":\"PropertyValueSpecification\",\"valueRequired\":true,\"valueName\":\"search_term_string\"}}],\"inLanguage\":\"en-US\"},{\"@type\":\"Organization\",\"@id\":\"https:\/\/tikatours.pe\/es\/#organization\",\"name\":\"Tika Tours\",\"url\":\"https:\/\/tikatours.pe\/es\/\",\"logo\":{\"@type\":\"ImageObject\",\"inLanguage\":\"en-US\",\"@id\":\"https:\/\/tikatours.pe\/es\/#\/schema\/logo\/image\/\",\"url\":\"https:\/\/tikatours.pe\/wp-content\/uploads\/2018\/09\/logo7v@2x.png\",\"contentUrl\":\"https:\/\/tikatours.pe\/wp-content\/uploads\/2018\/09\/logo7v@2x.png\",\"width\":336,\"height\":80,\"caption\":\"Tika Tours\"},\"image\":{\"@id\":\"https:\/\/tikatours.pe\/es\/#\/schema\/logo\/image\/\"},\"sameAs\":[\"https:\/\/www.facebook.com\/tikatours\/\"]}]}<\/script>\n<!-- \/ Yoast SEO plugin. -->","yoast_head_json":{"title":"Schedule an appointment at FIT 2019 | Tika Tours - Tour Operador &amp; DMC Per\u00fa","description":"(Espa\u00f1ol) Tika Tours estar\u00e1 presente en el FIT 2019 Argentina. conozca nuestros servicios y tours que ofreceremos. Agende una cita aqu\u00ed.","robots":{"index":"index","follow":"follow","max-snippet":"max-snippet:-1","max-image-preview":"max-image-preview:large","max-video-preview":"max-video-preview:-1"},"canonical":"https:\/\/tikatours.pe\/ru\/fit-2019\/","og_locale":"en_US","og_type":"article","og_title":"Schedule an appointment at FIT 2019 | Tika Tours - Tour Operador &amp; DMC Per\u00fa","og_description":"(Espa\u00f1ol) Tika Tours estar\u00e1 presente en el FIT 2019 Argentina. conozca nuestros servicios y tours que ofreceremos. Agende una cita aqu\u00ed.","og_url":"https:\/\/tikatours.pe\/ru\/fit-2019\/","og_site_name":"Tika Tours - Tour Operador &amp; DMC Per\u00fa","article_publisher":"https:\/\/www.facebook.com\/tikatours\/","article_modified_time":"2019-09-20T16:55:57+00:00","twitter_card":"summary_large_image","schema":{"@context":"https:\/\/schema.org","@graph":[{"@type":"WebPage","@id":"https:\/\/tikatours.pe\/ru\/fit-2019\/","url":"https:\/\/tikatours.pe\/ru\/fit-2019\/","name":"Schedule an appointment at FIT 2019 | Tika Tours - Tour Operador &amp; DMC Per\u00fa","isPartOf":{"@id":"https:\/\/tikatours.pe\/es\/#website"},"datePublished":"2019-09-20T16:04:48+00:00","dateModified":"2019-09-20T16:55:57+00:00","description":"(Espa\u00f1ol) Tika Tours estar\u00e1 presente en el FIT 2019 Argentina. conozca nuestros servicios y tours que ofreceremos. Agende una cita aqu\u00ed.","breadcrumb":{"@id":"https:\/\/tikatours.pe\/ru\/fit-2019\/#breadcrumb"},"inLanguage":"en-US","potentialAction":[{"@type":"ReadAction","target":["https:\/\/tikatours.pe\/ru\/fit-2019\/"]}]},{"@type":"BreadcrumbList","@id":"https:\/\/tikatours.pe\/ru\/fit-2019\/#breadcrumb","itemListElement":[{"@type":"ListItem","position":1,"name":"Portada","item":"https:\/\/tikatours.pe\/"},{"@type":"ListItem","position":2,"name":"(Espa\u00f1ol) Agendar cita en la FIT 2019"}]},{"@type":"WebSite","@id":"https:\/\/tikatours.pe\/es\/#website","url":"https:\/\/tikatours.pe\/es\/","name":"Tika Tours - Tour Operador &amp; DMC Per\u00fa","description":"Tailor-Made Tourism Programs Peru","publisher":{"@id":"https:\/\/tikatours.pe\/es\/#organization"},"potentialAction":[{"@type":"SearchAction","target":{"@type":"EntryPoint","urlTemplate":"https:\/\/tikatours.pe\/es\/?s={search_term_string}"},"query-input":{"@type":"PropertyValueSpecification","valueRequired":true,"valueName":"search_term_string"}}],"inLanguage":"en-US"},{"@type":"Organization","@id":"https:\/\/tikatours.pe\/es\/#organization","name":"Tika Tours","url":"https:\/\/tikatours.pe\/es\/","logo":{"@type":"ImageObject","inLanguage":"en-US","@id":"https:\/\/tikatours.pe\/es\/#\/schema\/logo\/image\/","url":"https:\/\/tikatours.pe\/wp-content\/uploads\/2018\/09\/logo7v@2x.png","contentUrl":"https:\/\/tikatours.pe\/wp-content\/uploads\/2018\/09\/logo7v@2x.png","width":336,"height":80,"caption":"Tika Tours"},"image":{"@id":"https:\/\/tikatours.pe\/es\/#\/schema\/logo\/image\/"},"sameAs":["https:\/\/www.facebook.com\/tikatours\/"]}]}},"jetpack_sharing_enabled":true,"_links":{"self":[{"href":"https:\/\/tikatours.pe\/en\/wp-json\/wp\/v2\/pages\/5368","targetHints":{"allow":["GET"]}}],"collection":[{"href":"https:\/\/tikatours.pe\/en\/wp-json\/wp\/v2\/pages"}],"about":[{"href":"https:\/\/tikatours.pe\/en\/wp-json\/wp\/v2\/types\/page"}],"author":[{"embeddable":true,"href":"https:\/\/tikatours.pe\/en\/wp-json\/wp\/v2\/users\/3"}],"replies":[{"embeddable":true,"href":"https:\/\/tikatours.pe\/en\/wp-json\/wp\/v2\/comments?post=5368"}],"version-history":[{"count":2,"href":"https:\/\/tikatours.pe\/en\/wp-json\/wp\/v2\/pages\/5368\/revisions"}],"predecessor-version":[{"id":5373,"href":"https:\/\/tikatours.pe\/en\/wp-json\/wp\/v2\/pages\/5368\/revisions\/5373"}],"wp:attachment":[{"href":"https:\/\/tikatours.pe\/en\/wp-json\/wp\/v2\/media?parent=5368"}],"curies":[{"name":"wp","href":"https:\/\/api.w.org\/{rel}","templated":true}]}}