{"id":5474,"date":"2024-02-12T18:12:21","date_gmt":"2024-02-12T23:12:21","guid":{"rendered":"https:\/\/tikatours.pe\/?page_id=5474"},"modified":"2024-02-12T21:57:46","modified_gmt":"2024-02-13T02:57:46","slug":"destacados-nautalia-2024","status":"publish","type":"page","link":"https:\/\/tikatours.pe\/en\/destacados-nautalia-2024\/","title":{"rendered":"(Espa\u00f1ol) Destacados Nautalia 2024"},"content":{"rendered":"<p class=\"qtranxs-available-languages-message qtranxs-available-languages-message-en\">Sorry, this entry is only available in <a href=\"https:\/\/tikatours.pe\/es\/wp-json\/wp\/v2\/pages\/5474\" class=\"qtranxs-available-language-link qtranxs-available-language-link-es\" title=\"Espa\u00f1ol\">Espa\u00f1ol<\/a>.<\/p>\n","protected":false},"excerpt":{"rendered":"<p>Sorry, this entry is only available in Espa\u00f1ol.<\/p>\n","protected":false},"author":1,"featured_media":0,"parent":0,"menu_order":0,"comment_status":"closed","ping_status":"closed","template":"","meta":{"content-type":"","footnotes":""},"class_list":["post-5474","page","type-page","status-publish","hentry"],"yoast_head":"<!-- This site is optimized with the Yoast SEO plugin v27.0 - https:\/\/yoast.com\/product\/yoast-seo-wordpress\/ -->\n<title>(Espa\u00f1ol) Destacados Nautalia 2024 | Tika Tours - Tour Operador &amp; DMC Per\u00fa<\/title>\n<meta name=\"description\" content=\"(Espa\u00f1ol) La Aventura y Turismos se unen para que experimentes las maravillas del Per\u00fa, ofrecemos Pre y Post Tour del Rally Dakar 2019, Conoce m\u00e1s...\" \/>\n<meta name=\"robots\" content=\"index, follow, max-snippet:-1, max-image-preview:large, max-video-preview:-1\" \/>\n<link rel=\"canonical\" href=\"https:\/\/tikatours.pe\/destacados-nautalia-2024\/\" \/>\n<meta property=\"og:locale\" content=\"en_US\" \/>\n<meta property=\"og:type\" content=\"article\" \/>\n<meta property=\"og:title\" content=\"(Espa\u00f1ol) Destacados Nautalia 2024 | Tika Tours - Tour Operador &amp; DMC Per\u00fa\" \/>\n<meta property=\"og:description\" content=\"{:es}La Aventura y Turismos se unen para que experimentes las maravillas del Per\u00fa, ofrecemos Pre y Post Tour del Rally Dakar 2019, Conoce m\u00e1s...{:}\" \/>\n<meta property=\"og:url\" content=\"https:\/\/tikatours.pe\/destacados-nautalia-2024\/\" \/>\n<meta property=\"og:site_name\" content=\"Tika Tours - Tour Operador &amp; DMC Per\u00fa\" \/>\n<meta property=\"article:publisher\" content=\"https:\/\/www.facebook.com\/tikatours\/\" \/>\n<meta property=\"article:modified_time\" content=\"2024-02-13T02:57:46+00:00\" \/>\n<meta property=\"og:image\" content=\"http:\/\/tikatours.pe\/wp-content\/uploads\/2018\/12\/mochila-1-150x150.jpg\" \/>\n<meta name=\"twitter:card\" content=\"summary_large_image\" \/>\n<meta name=\"twitter:label1\" content=\"Est. reading time\" \/>\n\t<meta name=\"twitter:data1\" content=\"24 minutes\" \/>\n<script type=\"application\/ld+json\" class=\"yoast-schema-graph\">{\"@context\":\"https:\/\/schema.org\",\"@graph\":[{\"@type\":\"WebPage\",\"@id\":\"https:\/\/tikatours.pe\/destacados-nautalia-2024\/\",\"url\":\"https:\/\/tikatours.pe\/destacados-nautalia-2024\/\",\"name\":\"(Espa\u00f1ol) Destacados Nautalia 2024 | Tika Tours - Tour Operador &amp; DMC Per\u00fa\",\"isPartOf\":{\"@id\":\"https:\/\/tikatours.pe\/es\/#website\"},\"datePublished\":\"2024-02-12T23:12:21+00:00\",\"dateModified\":\"2024-02-13T02:57:46+00:00\",\"description\":\"{:es}La Aventura y Turismos se unen para que experimentes las maravillas del Per\u00fa, ofrecemos Pre y Post Tour del Rally Dakar 2019, Conoce m\u00e1s...{:}\",\"breadcrumb\":{\"@id\":\"https:\/\/tikatours.pe\/destacados-nautalia-2024\/#breadcrumb\"},\"inLanguage\":\"en-US\",\"potentialAction\":[{\"@type\":\"ReadAction\",\"target\":[\"https:\/\/tikatours.pe\/destacados-nautalia-2024\/\"]}]},{\"@type\":\"BreadcrumbList\",\"@id\":\"https:\/\/tikatours.pe\/destacados-nautalia-2024\/#breadcrumb\",\"itemListElement\":[{\"@type\":\"ListItem\",\"position\":1,\"name\":\"Portada\",\"item\":\"https:\/\/tikatours.pe\/\"},{\"@type\":\"ListItem\",\"position\":2,\"name\":\"Destacados Nautalia 2024\"}]},{\"@type\":\"WebSite\",\"@id\":\"https:\/\/tikatours.pe\/es\/#website\",\"url\":\"https:\/\/tikatours.pe\/es\/\",\"name\":\"Tika Tours - Tour Operador &amp; DMC Per\u00fa\",\"description\":\"Tailor-Made Tourism Programs Peru\",\"publisher\":{\"@id\":\"https:\/\/tikatours.pe\/es\/#organization\"},\"potentialAction\":[{\"@type\":\"SearchAction\",\"target\":{\"@type\":\"EntryPoint\",\"urlTemplate\":\"https:\/\/tikatours.pe\/es\/?s={search_term_string}\"},\"query-input\":{\"@type\":\"PropertyValueSpecification\",\"valueRequired\":true,\"valueName\":\"search_term_string\"}}],\"inLanguage\":\"en-US\"},{\"@type\":\"Organization\",\"@id\":\"https:\/\/tikatours.pe\/es\/#organization\",\"name\":\"Tika Tours\",\"url\":\"https:\/\/tikatours.pe\/es\/\",\"logo\":{\"@type\":\"ImageObject\",\"inLanguage\":\"en-US\",\"@id\":\"https:\/\/tikatours.pe\/es\/#\/schema\/logo\/image\/\",\"url\":\"https:\/\/tikatours.pe\/wp-content\/uploads\/2018\/09\/logo7v@2x.png\",\"contentUrl\":\"https:\/\/tikatours.pe\/wp-content\/uploads\/2018\/09\/logo7v@2x.png\",\"width\":336,\"height\":80,\"caption\":\"Tika Tours\"},\"image\":{\"@id\":\"https:\/\/tikatours.pe\/es\/#\/schema\/logo\/image\/\"},\"sameAs\":[\"https:\/\/www.facebook.com\/tikatours\/\"]}]}<\/script>\n<!-- \/ Yoast SEO plugin. -->","yoast_head_json":{"title":"(Espa\u00f1ol) Destacados Nautalia 2024 | Tika Tours - Tour Operador &amp; DMC Per\u00fa","description":"(Espa\u00f1ol) La Aventura y Turismos se unen para que experimentes las maravillas del Per\u00fa, ofrecemos Pre y Post Tour del Rally Dakar 2019, Conoce m\u00e1s...","robots":{"index":"index","follow":"follow","max-snippet":"max-snippet:-1","max-image-preview":"max-image-preview:large","max-video-preview":"max-video-preview:-1"},"canonical":"https:\/\/tikatours.pe\/destacados-nautalia-2024\/","og_locale":"en_US","og_type":"article","og_title":"(Espa\u00f1ol) Destacados Nautalia 2024 | Tika Tours - Tour Operador &amp; DMC Per\u00fa","og_description":"{:es}La Aventura y Turismos se unen para que experimentes las maravillas del Per\u00fa, ofrecemos Pre y Post Tour del Rally Dakar 2019, Conoce m\u00e1s...{:}","og_url":"https:\/\/tikatours.pe\/destacados-nautalia-2024\/","og_site_name":"Tika Tours - Tour Operador &amp; DMC Per\u00fa","article_publisher":"https:\/\/www.facebook.com\/tikatours\/","article_modified_time":"2024-02-13T02:57:46+00:00","og_image":[{"url":"http:\/\/tikatours.pe\/wp-content\/uploads\/2018\/12\/mochila-1-150x150.jpg","type":"","width":"","height":""}],"twitter_card":"summary_large_image","twitter_misc":{"Est. reading time":"24 minutes"},"schema":{"@context":"https:\/\/schema.org","@graph":[{"@type":"WebPage","@id":"https:\/\/tikatours.pe\/destacados-nautalia-2024\/","url":"https:\/\/tikatours.pe\/destacados-nautalia-2024\/","name":"(Espa\u00f1ol) Destacados Nautalia 2024 | Tika Tours - Tour Operador &amp; DMC Per\u00fa","isPartOf":{"@id":"https:\/\/tikatours.pe\/es\/#website"},"datePublished":"2024-02-12T23:12:21+00:00","dateModified":"2024-02-13T02:57:46+00:00","description":"{:es}La Aventura y Turismos se unen para que experimentes las maravillas del Per\u00fa, ofrecemos Pre y Post Tour del Rally Dakar 2019, Conoce m\u00e1s...{:}","breadcrumb":{"@id":"https:\/\/tikatours.pe\/destacados-nautalia-2024\/#breadcrumb"},"inLanguage":"en-US","potentialAction":[{"@type":"ReadAction","target":["https:\/\/tikatours.pe\/destacados-nautalia-2024\/"]}]},{"@type":"BreadcrumbList","@id":"https:\/\/tikatours.pe\/destacados-nautalia-2024\/#breadcrumb","itemListElement":[{"@type":"ListItem","position":1,"name":"Portada","item":"https:\/\/tikatours.pe\/"},{"@type":"ListItem","position":2,"name":"Destacados Nautalia 2024"}]},{"@type":"WebSite","@id":"https:\/\/tikatours.pe\/es\/#website","url":"https:\/\/tikatours.pe\/es\/","name":"Tika Tours - Tour Operador &amp; DMC Per\u00fa","description":"Tailor-Made Tourism Programs Peru","publisher":{"@id":"https:\/\/tikatours.pe\/es\/#organization"},"potentialAction":[{"@type":"SearchAction","target":{"@type":"EntryPoint","urlTemplate":"https:\/\/tikatours.pe\/es\/?s={search_term_string}"},"query-input":{"@type":"PropertyValueSpecification","valueRequired":true,"valueName":"search_term_string"}}],"inLanguage":"en-US"},{"@type":"Organization","@id":"https:\/\/tikatours.pe\/es\/#organization","name":"Tika Tours","url":"https:\/\/tikatours.pe\/es\/","logo":{"@type":"ImageObject","inLanguage":"en-US","@id":"https:\/\/tikatours.pe\/es\/#\/schema\/logo\/image\/","url":"https:\/\/tikatours.pe\/wp-content\/uploads\/2018\/09\/logo7v@2x.png","contentUrl":"https:\/\/tikatours.pe\/wp-content\/uploads\/2018\/09\/logo7v@2x.png","width":336,"height":80,"caption":"Tika Tours"},"image":{"@id":"https:\/\/tikatours.pe\/es\/#\/schema\/logo\/image\/"},"sameAs":["https:\/\/www.facebook.com\/tikatours\/"]}]}},"jetpack_sharing_enabled":true,"_links":{"self":[{"href":"https:\/\/tikatours.pe\/en\/wp-json\/wp\/v2\/pages\/5474","targetHints":{"allow":["GET"]}}],"collection":[{"href":"https:\/\/tikatours.pe\/en\/wp-json\/wp\/v2\/pages"}],"about":[{"href":"https:\/\/tikatours.pe\/en\/wp-json\/wp\/v2\/types\/page"}],"author":[{"embeddable":true,"href":"https:\/\/tikatours.pe\/en\/wp-json\/wp\/v2\/users\/1"}],"replies":[{"embeddable":true,"href":"https:\/\/tikatours.pe\/en\/wp-json\/wp\/v2\/comments?post=5474"}],"version-history":[{"count":11,"href":"https:\/\/tikatours.pe\/en\/wp-json\/wp\/v2\/pages\/5474\/revisions"}],"predecessor-version":[{"id":5487,"href":"https:\/\/tikatours.pe\/en\/wp-json\/wp\/v2\/pages\/5474\/revisions\/5487"}],"wp:attachment":[{"href":"https:\/\/tikatours.pe\/en\/wp-json\/wp\/v2\/media?parent=5474"}],"curies":[{"name":"wp","href":"https:\/\/api.w.org\/{rel}","templated":true}]}}