{"id":671,"date":"2014-11-25T15:49:06","date_gmt":"2014-11-25T15:49:06","guid":{"rendered":"http:\/\/www.soaptheme.net\/wordpress\/travelo\/?page_id=671"},"modified":"2024-07-17T15:22:41","modified_gmt":"2024-07-17T20:22:41","slug":"contactenos-paquetes-a-la-medida","status":"publish","type":"page","link":"https:\/\/tikatours.pe\/en\/contactenos-paquetes-a-la-medida\/","title":{"rendered":"Contact Us"},"content":{"rendered":"[vc_row][vc_column]<div class=\"block\"><\/div>[vc_row_inner][vc_column_inner width=&#8221;1\/3&#8243; offset=&#8221;vc_col-md-3&#8243;]<div class=\"travelo-box contact-us-box\">[vc_column_text]\n<h4>Contact us<\/h4>\n<ul class=\"contact-address\">\n<li><i class=\"soap-icon-address circle\"><\/i><br \/>\n<h5 class=\"title\">Address<\/h5>\n<p>JIR\u00d3N MONTE CARMELO 319, SURCO<\/p>\n<p>Lima-Per\u00fa<\/li>\n<li><i class=\"soap-icon-phone circle\"><\/i><br \/>\n<h5 class=\"title\">Phone<\/h5>\n<p>Local: +51 1 7197300.<\/li>\n<li><i class=\"soap-icon-message circle\"><\/i><br \/>\n<h5 class=\"title\">Email<\/h5>\n<p>tikatours@tikagroup.com.pe<\/p>\n<p>www.tikatours.pe<\/li>\n<\/ul>\n[\/vc_column_text]<ul class=\"social-icons clearfix style1 full-width\"><li class=\"twitter\"><a title=\"twitter\" target=\"_blank\" href=\"#\" data-toggle=\"tooltip\"><i class=\"soap-icon-twitter\"><\/i><\/a><\/li><li class=\"googleplus\"><a title=\"googleplus\" target=\"_blank\" href=\"#\" data-toggle=\"tooltip\"><i class=\"soap-icon-googleplus\"><\/i><\/a><\/li><li class=\"facebook\"><a title=\"facebook\" target=\"_blank\" href=\"#\" data-toggle=\"tooltip\"><i class=\"soap-icon-facebook\"><\/i><\/a><\/li><li class=\"linkedin\"><a title=\"linkedin\" target=\"_blank\" href=\"#\" data-toggle=\"tooltip\"><i class=\"soap-icon-linkedin\"><\/i><\/a><\/li><li class=\"vimeo\"><a title=\"vimeo\" target=\"_blank\" href=\"#\" data-toggle=\"tooltip\"><i class=\"soap-icon-vimeo\"><\/i><\/a><\/li><\/ul><\/div>[\/vc_column_inner][vc_column_inner width=&#8221;2\/3&#8243; offset=&#8221;vc_col-md-9&#8243;]<div class=\"travelo-box\">[vc_column_text]\n<h2 style=\"text-align: center;\"><span style=\"font-size: 24pt;\"><strong><span style=\"color: #000000;\">The Best Custom Packages and Tourist Packages<\/span><\/strong><\/span><\/h2>\n<p style=\"text-align: center;\"><span style=\"font-size: 14pt;\"><strong><span style=\"color: #3e3ea8;\">With more than four decades of experience, we are experts in designing customized packages that fit our clients and get to experience the wonders of Peru.<\/span><\/strong><\/span><\/p>\n<p style=\"text-align: center;\"><span style=\"font-size: 14pt;\"><strong><span style=\"color: #3e3ea8;\">In addition, we offer high quality services with luxury cruises, luxury trains, luxury hotels and others.<\/span><\/strong><\/span><\/p>\n<p style=\"text-align: center;\"><span style=\"font-size: 14pt;\"><strong><span style=\"color: #3e3ea8;\">If you want to know more and design your custom tour, contact us by filling out the form and we will be in contact with you.<\/span><\/strong><\/span><\/p>\n[\/vc_column_text]\n<div class=\"wpcf7 no-js\" id=\"wpcf7-f3523-o1\" lang=\"en-US\" dir=\"ltr\" data-wpcf7-id=\"3523\">\n<div class=\"screen-reader-response\"><p role=\"status\" aria-live=\"polite\" aria-atomic=\"true\"><\/p> <ul><\/ul><\/div>\n<form action=\"\/en\/wp-json\/wp\/v2\/pages\/671#wpcf7-f3523-o1\" method=\"post\" class=\"wpcf7-form init\" aria-label=\"Contact form\" novalidate=\"novalidate\" data-status=\"init\">\n<fieldset class=\"hidden-fields-container\"><input type=\"hidden\" name=\"_wpcf7\" value=\"3523\" \/><input type=\"hidden\" name=\"_wpcf7_version\" value=\"6.1.5\" \/><input type=\"hidden\" name=\"_wpcf7_locale\" value=\"en_US\" \/><input type=\"hidden\" name=\"_wpcf7_unit_tag\" value=\"wpcf7-f3523-o1\" \/><input type=\"hidden\" name=\"_wpcf7_container_post\" value=\"0\" \/><input type=\"hidden\" name=\"_wpcf7_posted_data_hash\" value=\"\" \/><input type=\"hidden\" name=\"_wpcf7_recaptcha_response\" value=\"\" \/>\n<\/fieldset>\n<h4 class=\"box-title\">Leave us a Message\n<\/h4>\n<div class=\"row form-group\">\n\t<div class=\"col-xs-6\">\n\t\t<p><label>Name*<\/label><span class=\"wpcf7-form-control-wrap\" data-name=\"your-name\"><input size=\"40\" maxlength=\"400\" class=\"wpcf7-form-control wpcf7-text wpcf7-validates-as-required full-width\" aria-required=\"true\" aria-invalid=\"false\" value=\"\" type=\"text\" name=\"your-name\" \/><\/span>\n\t\t<\/p>\n\t<\/div>\n\t<div class=\"col-xs-6\">\n\t\t<p><label>Email*<\/label><span class=\"wpcf7-form-control-wrap\" data-name=\"your-email\"><input size=\"40\" maxlength=\"400\" class=\"wpcf7-form-control wpcf7-email wpcf7-validates-as-required wpcf7-text wpcf7-validates-as-email\" aria-required=\"true\" aria-invalid=\"false\" value=\"\" type=\"email\" name=\"your-email\" \/><\/span>\n\t\t<\/p>\n\t<\/div>\n<\/div>\n<div class=\"row form-group\">\n\t<div class=\"col-xs-6\">\n\t\t<p><label>Company<\/label><span class=\"wpcf7-form-control-wrap\" data-name=\"your-company\"><input size=\"40\" maxlength=\"400\" class=\"wpcf7-form-control wpcf7-text\" aria-invalid=\"false\" value=\"\" type=\"text\" name=\"your-company\" \/><\/span>\n\t\t<\/p>\n\t<\/div>\n\t<div class=\"col-xs-6\">\n\t\t<p><label>Phone<\/label><span class=\"wpcf7-form-control-wrap\" data-name=\"your-phone\"><input size=\"40\" maxlength=\"400\" class=\"wpcf7-form-control wpcf7-text\" aria-invalid=\"false\" value=\"\" type=\"text\" name=\"your-phone\" \/><\/span>\n\t\t<\/p>\n\t<\/div>\n<\/div>\n<div class=\"form-group\">\n\t<p><label>Message*<\/label><span class=\"wpcf7-form-control-wrap\" data-name=\"your-message\"><textarea cols=\"40\" rows=\"6\" maxlength=\"2000\" class=\"wpcf7-form-control wpcf7-textarea wpcf7-validates-as-required\" aria-required=\"true\" aria-invalid=\"false\" name=\"your-message\"><\/textarea><\/span>\n\t<\/p>\n<\/div>\n\n<p><input class=\"wpcf7-form-control wpcf7-submit has-spinner btn-large full-width\" type=\"submit\" value=\"Send\" \/>\n<\/p><p style=\"display: none !important;\" class=\"akismet-fields-container\" data-prefix=\"_wpcf7_ak_\"><label>&#916;<textarea name=\"_wpcf7_ak_hp_textarea\" cols=\"45\" rows=\"8\" maxlength=\"100\"><\/textarea><\/label><input type=\"hidden\" id=\"ak_js_1\" name=\"_wpcf7_ak_js\" value=\"54\"\/><script>document.getElementById( \"ak_js_1\" ).setAttribute( \"value\", ( new Date() ).getTime() );<\/script><\/p><div class=\"wpcf7-response-output\" aria-hidden=\"true\"><\/div>\n<\/form>\n<\/div>\n<\/div>[\/vc_column_inner][\/vc_row_inner][\/vc_column][\/vc_row]\n","protected":false},"excerpt":{"rendered":"<p>[vc_row][vc_column][vc_row_inner][vc_column_inner width=&#8221;1\/3&#8243; offset=&#8221;vc_col-md-3&#8243;][\/vc_column_inner][vc_column_inner width=&#8221;2\/3&#8243; offset=&#8221;vc_col-md-9&#8243;][\/vc_column_inner][\/vc_row_inner][\/vc_column][\/vc_row]<\/p>\n","protected":false},"author":1,"featured_media":0,"parent":0,"menu_order":0,"comment_status":"open","ping_status":"open","template":"","meta":{"content-type":"","footnotes":""},"class_list":["post-671","page","type-page","status-publish","hentry"],"yoast_head":"<!-- This site is optimized with the Yoast SEO plugin v27.0 - https:\/\/yoast.com\/product\/yoast-seo-wordpress\/ -->\n<title>(Espa\u00f1ol) Paquetes a la medida del cliente - Cont\u00e1ctenos ahora<\/title>\n<meta name=\"description\" content=\"(Espa\u00f1ol) Con la experiencia de 41 a\u00f1os dise\u00f1ando paquetes a la medida que se ajustan a la preferencia del cliente, somos tu mejor opci\u00f3n en turismo del Per\u00fa.\" \/>\n<meta name=\"robots\" content=\"index, follow, max-snippet:-1, max-image-preview:large, max-video-preview:-1\" \/>\n<link rel=\"canonical\" href=\"https:\/\/tikatours.pe\/contactenos-paquetes-a-la-medida\/\" \/>\n<meta property=\"og:locale\" content=\"en_US\" \/>\n<meta property=\"og:type\" content=\"article\" \/>\n<meta property=\"og:title\" content=\"[:es]Paquetes a la medida del cliente - Cont\u00e1ctenos ahora[:]\" \/>\n<meta property=\"og:description\" content=\"{:es}Con la experiencia de 41 a\u00f1os dise\u00f1ando paquetes a la medida que se ajustan a la preferencia del cliente, somos tu mejor opci\u00f3n en turismo del Per\u00fa.{:}\" \/>\n<meta property=\"og:url\" content=\"https:\/\/tikatours.pe\/contactenos-paquetes-a-la-medida\/\" \/>\n<meta property=\"og:site_name\" content=\"Tika Tours - Tour Operador &amp; DMC Per\u00fa\" \/>\n<meta property=\"article:publisher\" content=\"https:\/\/www.facebook.com\/tikatours\/\" \/>\n<meta property=\"article:modified_time\" content=\"2024-07-17T20:22:41+00:00\" \/>\n<meta name=\"twitter:card\" content=\"summary_large_image\" \/>\n<meta name=\"twitter:label1\" content=\"Est. reading time\" \/>\n\t<meta name=\"twitter:data1\" content=\"1 minute\" \/>\n<script type=\"application\/ld+json\" class=\"yoast-schema-graph\">{\"@context\":\"https:\/\/schema.org\",\"@graph\":[{\"@type\":\"WebPage\",\"@id\":\"https:\/\/tikatours.pe\/contactenos-paquetes-a-la-medida\/\",\"url\":\"https:\/\/tikatours.pe\/contactenos-paquetes-a-la-medida\/\",\"name\":\"[:es]Paquetes a la medida del cliente - Cont\u00e1ctenos ahora[:]\",\"isPartOf\":{\"@id\":\"https:\/\/tikatours.pe\/es\/#website\"},\"datePublished\":\"2014-11-25T15:49:06+00:00\",\"dateModified\":\"2024-07-17T20:22:41+00:00\",\"description\":\"{:es}Con la experiencia de 41 a\u00f1os dise\u00f1ando paquetes a la medida que se ajustan a la preferencia del cliente, somos tu mejor opci\u00f3n en turismo del Per\u00fa.{:}\",\"breadcrumb\":{\"@id\":\"https:\/\/tikatours.pe\/contactenos-paquetes-a-la-medida\/#breadcrumb\"},\"inLanguage\":\"en-US\",\"potentialAction\":[{\"@type\":\"ReadAction\",\"target\":[\"https:\/\/tikatours.pe\/contactenos-paquetes-a-la-medida\/\"]}]},{\"@type\":\"BreadcrumbList\",\"@id\":\"https:\/\/tikatours.pe\/contactenos-paquetes-a-la-medida\/#breadcrumb\",\"itemListElement\":[{\"@type\":\"ListItem\",\"position\":1,\"name\":\"Portada\",\"item\":\"https:\/\/tikatours.pe\/\"},{\"@type\":\"ListItem\",\"position\":2,\"name\":\"Cont\u00e1ctanos\"}]},{\"@type\":\"WebSite\",\"@id\":\"https:\/\/tikatours.pe\/es\/#website\",\"url\":\"https:\/\/tikatours.pe\/es\/\",\"name\":\"Tika Tours - Tour Operador &amp; DMC Per\u00fa\",\"description\":\"Tailor-Made Tourism Programs Peru\",\"publisher\":{\"@id\":\"https:\/\/tikatours.pe\/es\/#organization\"},\"potentialAction\":[{\"@type\":\"SearchAction\",\"target\":{\"@type\":\"EntryPoint\",\"urlTemplate\":\"https:\/\/tikatours.pe\/es\/?s={search_term_string}\"},\"query-input\":{\"@type\":\"PropertyValueSpecification\",\"valueRequired\":true,\"valueName\":\"search_term_string\"}}],\"inLanguage\":\"en-US\"},{\"@type\":\"Organization\",\"@id\":\"https:\/\/tikatours.pe\/es\/#organization\",\"name\":\"Tika Tours\",\"url\":\"https:\/\/tikatours.pe\/es\/\",\"logo\":{\"@type\":\"ImageObject\",\"inLanguage\":\"en-US\",\"@id\":\"https:\/\/tikatours.pe\/es\/#\/schema\/logo\/image\/\",\"url\":\"https:\/\/tikatours.pe\/wp-content\/uploads\/2018\/09\/logo7v@2x.png\",\"contentUrl\":\"https:\/\/tikatours.pe\/wp-content\/uploads\/2018\/09\/logo7v@2x.png\",\"width\":336,\"height\":80,\"caption\":\"Tika Tours\"},\"image\":{\"@id\":\"https:\/\/tikatours.pe\/es\/#\/schema\/logo\/image\/\"},\"sameAs\":[\"https:\/\/www.facebook.com\/tikatours\/\"]}]}<\/script>\n<!-- \/ Yoast SEO plugin. -->","yoast_head_json":{"title":"(Espa\u00f1ol) Paquetes a la medida del cliente - Cont\u00e1ctenos ahora","description":"(Espa\u00f1ol) Con la experiencia de 41 a\u00f1os dise\u00f1ando paquetes a la medida que se ajustan a la preferencia del cliente, somos tu mejor opci\u00f3n en turismo del Per\u00fa.","robots":{"index":"index","follow":"follow","max-snippet":"max-snippet:-1","max-image-preview":"max-image-preview:large","max-video-preview":"max-video-preview:-1"},"canonical":"https:\/\/tikatours.pe\/contactenos-paquetes-a-la-medida\/","og_locale":"en_US","og_type":"article","og_title":"[:es]Paquetes a la medida del cliente - Cont\u00e1ctenos ahora[:]","og_description":"{:es}Con la experiencia de 41 a\u00f1os dise\u00f1ando paquetes a la medida que se ajustan a la preferencia del cliente, somos tu mejor opci\u00f3n en turismo del Per\u00fa.{:}","og_url":"https:\/\/tikatours.pe\/contactenos-paquetes-a-la-medida\/","og_site_name":"Tika Tours - Tour Operador &amp; DMC Per\u00fa","article_publisher":"https:\/\/www.facebook.com\/tikatours\/","article_modified_time":"2024-07-17T20:22:41+00:00","twitter_card":"summary_large_image","twitter_misc":{"Est. reading time":"1 minute"},"schema":{"@context":"https:\/\/schema.org","@graph":[{"@type":"WebPage","@id":"https:\/\/tikatours.pe\/contactenos-paquetes-a-la-medida\/","url":"https:\/\/tikatours.pe\/contactenos-paquetes-a-la-medida\/","name":"[:es]Paquetes a la medida del cliente - Cont\u00e1ctenos ahora[:]","isPartOf":{"@id":"https:\/\/tikatours.pe\/es\/#website"},"datePublished":"2014-11-25T15:49:06+00:00","dateModified":"2024-07-17T20:22:41+00:00","description":"{:es}Con la experiencia de 41 a\u00f1os dise\u00f1ando paquetes a la medida que se ajustan a la preferencia del cliente, somos tu mejor opci\u00f3n en turismo del Per\u00fa.{:}","breadcrumb":{"@id":"https:\/\/tikatours.pe\/contactenos-paquetes-a-la-medida\/#breadcrumb"},"inLanguage":"en-US","potentialAction":[{"@type":"ReadAction","target":["https:\/\/tikatours.pe\/contactenos-paquetes-a-la-medida\/"]}]},{"@type":"BreadcrumbList","@id":"https:\/\/tikatours.pe\/contactenos-paquetes-a-la-medida\/#breadcrumb","itemListElement":[{"@type":"ListItem","position":1,"name":"Portada","item":"https:\/\/tikatours.pe\/"},{"@type":"ListItem","position":2,"name":"Cont\u00e1ctanos"}]},{"@type":"WebSite","@id":"https:\/\/tikatours.pe\/es\/#website","url":"https:\/\/tikatours.pe\/es\/","name":"Tika Tours - Tour Operador &amp; DMC Per\u00fa","description":"Tailor-Made Tourism Programs Peru","publisher":{"@id":"https:\/\/tikatours.pe\/es\/#organization"},"potentialAction":[{"@type":"SearchAction","target":{"@type":"EntryPoint","urlTemplate":"https:\/\/tikatours.pe\/es\/?s={search_term_string}"},"query-input":{"@type":"PropertyValueSpecification","valueRequired":true,"valueName":"search_term_string"}}],"inLanguage":"en-US"},{"@type":"Organization","@id":"https:\/\/tikatours.pe\/es\/#organization","name":"Tika Tours","url":"https:\/\/tikatours.pe\/es\/","logo":{"@type":"ImageObject","inLanguage":"en-US","@id":"https:\/\/tikatours.pe\/es\/#\/schema\/logo\/image\/","url":"https:\/\/tikatours.pe\/wp-content\/uploads\/2018\/09\/logo7v@2x.png","contentUrl":"https:\/\/tikatours.pe\/wp-content\/uploads\/2018\/09\/logo7v@2x.png","width":336,"height":80,"caption":"Tika Tours"},"image":{"@id":"https:\/\/tikatours.pe\/es\/#\/schema\/logo\/image\/"},"sameAs":["https:\/\/www.facebook.com\/tikatours\/"]}]}},"jetpack_sharing_enabled":true,"_links":{"self":[{"href":"https:\/\/tikatours.pe\/en\/wp-json\/wp\/v2\/pages\/671","targetHints":{"allow":["GET"]}}],"collection":[{"href":"https:\/\/tikatours.pe\/en\/wp-json\/wp\/v2\/pages"}],"about":[{"href":"https:\/\/tikatours.pe\/en\/wp-json\/wp\/v2\/types\/page"}],"author":[{"embeddable":true,"href":"https:\/\/tikatours.pe\/en\/wp-json\/wp\/v2\/users\/1"}],"replies":[{"embeddable":true,"href":"https:\/\/tikatours.pe\/en\/wp-json\/wp\/v2\/comments?post=671"}],"version-history":[{"count":62,"href":"https:\/\/tikatours.pe\/en\/wp-json\/wp\/v2\/pages\/671\/revisions"}],"predecessor-version":[{"id":5535,"href":"https:\/\/tikatours.pe\/en\/wp-json\/wp\/v2\/pages\/671\/revisions\/5535"}],"wp:attachment":[{"href":"https:\/\/tikatours.pe\/en\/wp-json\/wp\/v2\/media?parent=671"}],"curies":[{"name":"wp","href":"https:\/\/api.w.org\/{rel}","templated":true}]}}