{"id":573,"date":"2014-11-22T07:46:57","date_gmt":"2014-11-22T07:46:57","guid":{"rendered":"http:\/\/www.soaptheme.net\/wordpress\/travelo\/?page_id=573"},"modified":"2024-07-17T16:21:18","modified_gmt":"2024-07-17T21:21:18","slug":"nosotros","status":"publish","type":"page","link":"https:\/\/tikatours.pe\/es\/nosotros\/","title":{"rendered":"Sobre Nosotros"},"content":{"rendered":"[vc_row][vc_column][vc_single_image image=&#8221;3213&#8243; img_size=&#8221;1068&#215;301&#8243; alignment=&#8221;center&#8221; css_animation=&#8221;none&#8221; title=&#8221;Tika Tours &#8211; Tour Operator &amp; DMC&#8221;]<div><style scoped>#f-corner-1 { background:#fff;margin-right:60px} #f-corner-1:before{background:#fff;width:60px;right:-60px;bottom:60px;top:0;}#f-corner-1:after{right: -60px;bottom:0;border-top:60px solid #d9d9d9; border-right: 60px solid transparent;}<\/style><div id=\"f-corner-1\" class=\"fc-block\">[vc_column_text]\n<p style=\"text-align: center;\" align=\"center\"><span style=\"color: #3e3ea8; font-size: 12pt;\">Tika Tours gran <a style=\"color: #3e3ea8;\" href=\"http:\/\/www.tikatours.pe\">tour operador &amp; DMC en Per\u00fa<\/a>, fundada con m\u00e1s de cuatro decadas\u00a0 por Tika Suarez.\u00a0 Pertenece y cuenta con el gran respaldo de la corporaci\u00f3n Tika Group.<\/span><\/p>\n<p style=\"text-align: center;\" align=\"center\"><span style=\"color: #3e3ea8; font-size: 12pt;\">Somos una empresa especializada en asesoria y dise\u00f1o de viajes personalizados, ofrecemos a nuestros\u00a0 selectos clientes servicios de alta calidad.<\/span><\/p>\n<p style=\"text-align: center;\" align=\"center\"><span style=\"color: #3e3ea8; font-size: 12pt;\">Es por ello que ofrecemos viajes exclusivos a medida\u00a0 con servicios de lujo, cruceros de lujo, trenes de lujo, hoteles de lujo y otros.<\/span><\/p>\n<p style=\"text-align: center;\" align=\"center\"><span style=\"color: #3e3ea8; font-size: 12pt;\">Todos nuestros servicios cuentan con un valor agregado a un precio bueno, bonito y verdadero.<\/span><\/p>\n<p style=\"text-align: center;\" align=\"center\"><span style=\"color: #3e3ea8; font-size: 12pt;\">Adem\u00e1s proponemos <a style=\"color: #3e3ea8;\" href=\"https:\/\/tikatours.pe\/es\/machu-picchu\/contactenos\/\"><span style=\"text-decoration: none;\">programas exclusivos<\/span><\/a> dentro del Per\u00fa y Sudam\u00e9rica.<\/span><\/p>\n<p style=\"text-align: center;\" align=\"center\"><span style=\"color: #3e3ea8; font-size: 12pt;\">Contamos con un excelente equipo de profesionales especializados en los diferentes destinos.<\/span><\/p>\n<p style=\"text-align: center;\" align=\"center\"><span style=\"color: #3e3ea8; font-size: 12pt;\">Nuestro compromiso es la innovaci\u00f3n constante, que nos permite ofrecer productos continuamente actualizados para cualquiera de las empresas de nuestro grupo.<\/span><\/p>\n[\/vc_column_text]<div class=\"clearfix\"><\/div><\/div><\/div>[\/vc_column][\/vc_row][vc_row][vc_column][vc_column_text]\n[\/vc_column_text][\/vc_column][\/vc_row][vc_row][vc_column]<div class=\"block\"><div class=\"image-box style6\">[vc_row_inner][vc_column_inner offset=&#8221;vc_col-md-5&#8243;]<article class=\"box\"><figure class=\"middle-block\"><a href=\"#\" title=\"\" class=\" opacity\"><img decoding=\"async\" data-src=\"http:\/\/tikatours.pe\/wp-content\/uploads\/2018\/11\/vision-2.png\" alt=\"imageframe-image\" width=\"476\" height=\"318\" class=\"middle-item lazyload\" src=\"data:image\/svg+xml;base64,PHN2ZyB3aWR0aD0iMSIgaGVpZ2h0PSIxIiB4bWxucz0iaHR0cDovL3d3dy53My5vcmcvMjAwMC9zdmciPjwvc3ZnPg==\" style=\"--smush-placeholder-width: 476px; --smush-placeholder-aspect-ratio: 476\/318;\" \/><span class=\"opacity-wrapper\"><\/span><\/a><\/figure><\/article>[\/vc_column_inner][vc_column_inner offset=&#8221;vc_col-md-7&#8243;]<article class=\"box\"><div class=\"details\">\n<h3 style=\"text-align: right;\"><span style=\"font-size: 18pt;\"><strong>Visi\u00f3n<\/strong><\/span><\/h3>\n<p style=\"text-align: right;\"><span style=\"color: #3e3ea8; font-size: 14pt;\">Satisfacer las necesidades de nuestros clientes, innovando en todos nuestros servicios para poderles brindar la mejor experiencias.<\/span><\/p>\n<\/div><\/article>[\/vc_column_inner][\/vc_row_inner][vc_row_inner][vc_column_inner offset=&#8221;vc_col-md-7&#8243;]<article class=\"box\"><div class=\"details\">\n<h3><span style=\"font-size: 18pt;\"><strong>Misi\u00f3n<\/strong><\/span><\/h3>\n<p><span style=\"color: #3e3ea8; font-size: 14pt;\">Lograr afianzar los lazos de confianza con nuestros selectos clientes, brindando las mejores experiencias con servicios garantizados de alta calidad. <\/span><\/div><\/article>[\/vc_column_inner][vc_column_inner offset=&#8221;vc_col-md-5&#8243;]<article class=\"box\"><figure class=\"middle-block\"><a href=\"#\" title=\"\" class=\" opacity\"><img decoding=\"async\" data-src=\"http:\/\/tikatours.pe\/wp-content\/uploads\/2018\/11\/mision-2.png\" alt=\"imageframe-image\" width=\"476\" height=\"318\" class=\"middle-item lazyload\" src=\"data:image\/svg+xml;base64,PHN2ZyB3aWR0aD0iMSIgaGVpZ2h0PSIxIiB4bWxucz0iaHR0cDovL3d3dy53My5vcmcvMjAwMC9zdmciPjwvc3ZnPg==\" style=\"--smush-placeholder-width: 476px; --smush-placeholder-aspect-ratio: 476\/318;\" \/><span class=\"opacity-wrapper\"><\/span><\/a><\/figure><\/article>[\/vc_column_inner][\/vc_row_inner]<\/div><\/div><div class=\"large-block\">[vc_column_text]\n<h2 style=\"text-align: center;\"><strong>Nuestro Equipo<\/strong><\/h2>\n[\/vc_column_text][vc_row_inner gap=&#8221;10&#8243; is_container=&#8221;yes&#8221;][vc_column_inner width=&#8221;1\/2&#8243; offset=&#8221;vc_col-md-3&#8243;]<article class=\"image-box box team\"><figure><a href=\"#\"><img decoding=\"async\" data-src=\"https:\/\/tikatours.pe\/wp-content\/uploads\/2024\/07\/Maria-Isabel.jpeg\" alt=\"person-photo\" width=\"270\" height=\"263\" src=\"data:image\/svg+xml;base64,PHN2ZyB3aWR0aD0iMSIgaGVpZ2h0PSIxIiB4bWxucz0iaHR0cDovL3d3dy53My5vcmcvMjAwMC9zdmciPjwvc3ZnPg==\" class=\"lazyload\" style=\"--smush-placeholder-width: 270px; --smush-placeholder-aspect-ratio: 270\/263;\" \/><\/a><figcaption><ul class=\"social-icons clearfix\"><li class=\"twitter\"><a title=\"twitter\" href=\"#\" data-toggle=\"tooltip\" target=\"_blank\"><i class=\"soap-icon-twitter\"><\/i><\/a><\/li><li class=\"googleplus\"><a title=\"googleplus\" href=\"#\" data-toggle=\"tooltip\" target=\"_blank\"><i class=\"soap-icon-googleplus\"><\/i><\/a><\/li><li class=\"facebook\"><a title=\"facebook\" href=\"#\" data-toggle=\"tooltip\" target=\"_blank\"><i class=\"soap-icon-facebook\"><\/i><\/a><\/li><li class=\"linkedin\"><a title=\"linkedin\" href=\"#\" data-toggle=\"tooltip\" target=\"_blank\"><i class=\"soap-icon-linkedin\"><\/i><\/a><\/li><li class=\"vimeo\"><a title=\"vimeo\" href=\"#\" data-toggle=\"tooltip\" target=\"_blank\"><i class=\"soap-icon-vimeo\"><\/i><\/a><\/li><li class=\"flickr\"><a title=\"flickr\" href=\"#\" data-toggle=\"tooltip\" target=\"_blank\"><i class=\"soap-icon-flickr\"><\/i><\/a><\/li><\/ul><\/figcaption><\/figure><div class=\"details\">\n<h4 class=\"box-title\" style=\"text-align: center;\"><a href=\"#\">Maria Isabel Hidalgo<\/a><\/h4>\n<h5 class=\"box-title\" style=\"text-align: center;\"><strong><span lang=\"EN-US\">Sales Support<\/span><\/strong><\/h5>\n<p class=\"description\" style=\"text-align: center;\"><a href=\"mailto:patriciapaliza@tikatours.pe\"><span style=\"font-weight: 400;\">mariaisabelhidalgo@tikatours.pe<\/span><\/a><\/p>\n<p>Whatsapp: +51 978377532<\/div><\/article>[\/vc_column_inner][vc_column_inner width=&#8221;1\/2&#8243; offset=&#8221;vc_col-md-3&#8243;]<article class=\"image-box box team\"><figure><a href=\"#\"><img decoding=\"async\" data-src=\"https:\/\/tikatours.pe\/wp-content\/uploads\/2024\/07\/DIANA-1-e1721251055466.jpeg\" alt=\"person-photo\" width=\"270\" height=\"263\" src=\"data:image\/svg+xml;base64,PHN2ZyB3aWR0aD0iMSIgaGVpZ2h0PSIxIiB4bWxucz0iaHR0cDovL3d3dy53My5vcmcvMjAwMC9zdmciPjwvc3ZnPg==\" class=\"lazyload\" style=\"--smush-placeholder-width: 270px; --smush-placeholder-aspect-ratio: 270\/263;\" \/><\/a><figcaption><ul class=\"social-icons clearfix\"><li class=\"twitter\"><a title=\"twitter\" href=\"#\" data-toggle=\"tooltip\" target=\"_blank\"><i class=\"soap-icon-twitter\"><\/i><\/a><\/li><li class=\"googleplus\"><a title=\"googleplus\" href=\"#\" data-toggle=\"tooltip\" target=\"_blank\"><i class=\"soap-icon-googleplus\"><\/i><\/a><\/li><li class=\"facebook\"><a title=\"facebook\" href=\"#\" data-toggle=\"tooltip\" target=\"_blank\"><i class=\"soap-icon-facebook\"><\/i><\/a><\/li><li class=\"linkedin\"><a title=\"linkedin\" href=\"#\" data-toggle=\"tooltip\" target=\"_blank\"><i class=\"soap-icon-linkedin\"><\/i><\/a><\/li><li class=\"vimeo\"><a title=\"vimeo\" href=\"#\" data-toggle=\"tooltip\" target=\"_blank\"><i class=\"soap-icon-vimeo\"><\/i><\/a><\/li><li class=\"flickr\"><a title=\"flickr\" href=\"#\" data-toggle=\"tooltip\" target=\"_blank\"><i class=\"soap-icon-flickr\"><\/i><\/a><\/li><\/ul><\/figcaption><\/figure><div class=\"details\">\n<h4 class=\"box-title\" style=\"text-align: center;\"><a href=\"#\">Diana Vizcarra\u00a0<\/a><\/h4>\n<h5 class=\"box-title\" style=\"text-align: center;\"><span style=\"color: #030303;\"><strong><span lang=\"SV\">Operations E<\/span><span lang=\"SV\">xecutive\u00a0<\/span><span lang=\"SV\">\u00a0<\/span><\/strong><\/span><\/h5>\n<p class=\"description\" style=\"text-align: center;\"><a href=\"operaciones@tikatours.pe\">operaciones@tikatours.pe<\/a><\/p>\n<p>Whatsapp: +51 987529672<\/div><\/article>[\/vc_column_inner][vc_column_inner width=&#8221;1\/2&#8243; offset=&#8221;vc_col-md-3&#8243;]<article class=\"image-box box team\"><figure><a href=\"#\"><img decoding=\"async\" data-src=\"https:\/\/tikatours.pe\/wp-content\/uploads\/2024\/07\/Gianine-e1721238501639.jpeg\" alt=\"person-photo\" width=\"270\" height=\"263\" src=\"data:image\/svg+xml;base64,PHN2ZyB3aWR0aD0iMSIgaGVpZ2h0PSIxIiB4bWxucz0iaHR0cDovL3d3dy53My5vcmcvMjAwMC9zdmciPjwvc3ZnPg==\" class=\"lazyload\" style=\"--smush-placeholder-width: 270px; --smush-placeholder-aspect-ratio: 270\/263;\" \/><\/a><figcaption><ul class=\"social-icons clearfix\"><li class=\"twitter\"><a title=\"twitter\" href=\"#\" data-toggle=\"tooltip\" target=\"_blank\"><i class=\"soap-icon-twitter\"><\/i><\/a><\/li><li class=\"googleplus\"><a title=\"googleplus\" href=\"#\" data-toggle=\"tooltip\" target=\"_blank\"><i class=\"soap-icon-googleplus\"><\/i><\/a><\/li><li class=\"facebook\"><a title=\"facebook\" href=\"#\" data-toggle=\"tooltip\" target=\"_blank\"><i class=\"soap-icon-facebook\"><\/i><\/a><\/li><li class=\"linkedin\"><a title=\"linkedin\" href=\"#\" data-toggle=\"tooltip\" target=\"_blank\"><i class=\"soap-icon-linkedin\"><\/i><\/a><\/li><li class=\"vimeo\"><a title=\"vimeo\" href=\"#\" data-toggle=\"tooltip\" target=\"_blank\"><i class=\"soap-icon-vimeo\"><\/i><\/a><\/li><li class=\"flickr\"><a title=\"flickr\" href=\"#\" data-toggle=\"tooltip\" target=\"_blank\"><i class=\"soap-icon-flickr\"><\/i><\/a><\/li><\/ul><\/figcaption><\/figure><div class=\"details\">\n<h4 class=\"box-title\" style=\"text-align: center;\"><a href=\"#\">Janine Almeyda<\/a><\/h4>\n<h5 class=\"box-title\" style=\"text-align: center;\"><strong><span lang=\"EN-US\">Sales Executive &amp; Product Manager<\/span><span lang=\"EN-US\">\u00a0<\/span><\/strong><\/h5>\n<p class=\"description\" style=\"text-align: center;\"><a href=\"mailto:janinealmeyda@tikatours.pe\">janinealmeyda@tikatours.pe<\/a><\/p>\n<p>Whatsapp: +51 998048004<\/div><\/article>[\/vc_column_inner][\/vc_row_inner]<\/div><div class=\"large-block text-center\">[vc_column_text]\n<h2 style=\"text-align: center;\">Consulte Nuestras Asociaciones<\/h2>\n[\/vc_column_text][vc_row_inner el_class=&#8221;investor-list&#8221;][vc_column_inner width=&#8221;1\/3&#8243; offset=&#8221;vc_col-lg-2 vc_col-xs-6&#8243;][vc_column_text el_class=&#8221;travelo-box&#8221;]<a href=\"https:\/\/www.iata.org\/pages\/default.aspx\"><img decoding=\"async\" class=\"alignnone size-full wp-image-3878 lazyload\" data-src=\"http:\/\/tikatours.pe\/wp-content\/uploads\/2018\/11\/IATA.jpg\" alt=\"\" width=\"124\" height=\"65\" src=\"data:image\/svg+xml;base64,PHN2ZyB3aWR0aD0iMSIgaGVpZ2h0PSIxIiB4bWxucz0iaHR0cDovL3d3dy53My5vcmcvMjAwMC9zdmciPjwvc3ZnPg==\" style=\"--smush-placeholder-width: 124px; --smush-placeholder-aspect-ratio: 124\/65;\" \/><\/a>[\/vc_column_text][\/vc_column_inner][vc_column_inner width=&#8221;1\/3&#8243; offset=&#8221;vc_col-lg-2 vc_col-xs-6&#8243;][vc_column_text el_class=&#8221;travelo-box&#8221;]<a href=\"https:\/\/peru.info\/es-pe\/\"><img decoding=\"async\" class=\"alignnone size-full wp-image-3882 lazyload\" data-src=\"http:\/\/tikatours.pe\/wp-content\/uploads\/2018\/11\/marca-peru.jpg\" alt=\"\" width=\"124\" height=\"65\" src=\"data:image\/svg+xml;base64,PHN2ZyB3aWR0aD0iMSIgaGVpZ2h0PSIxIiB4bWxucz0iaHR0cDovL3d3dy53My5vcmcvMjAwMC9zdmciPjwvc3ZnPg==\" style=\"--smush-placeholder-width: 124px; --smush-placeholder-aspect-ratio: 124\/65;\" \/><\/a>[\/vc_column_text][\/vc_column_inner][vc_column_inner width=&#8221;1\/3&#8243; offset=&#8221;vc_col-lg-2 vc_col-xs-6&#8243;][vc_column_text el_class=&#8221;travelo-box&#8221;]<a href=\"http:\/\/apavitperu.org\/\"><img decoding=\"async\" class=\"alignnone size-full wp-image-3883 lazyload\" data-src=\"http:\/\/tikatours.pe\/wp-content\/uploads\/2018\/11\/apavit.jpg\" alt=\"\" width=\"124\" height=\"65\" src=\"data:image\/svg+xml;base64,PHN2ZyB3aWR0aD0iMSIgaGVpZ2h0PSIxIiB4bWxucz0iaHR0cDovL3d3dy53My5vcmcvMjAwMC9zdmciPjwvc3ZnPg==\" style=\"--smush-placeholder-width: 124px; --smush-placeholder-aspect-ratio: 124\/65;\" \/><\/a>[\/vc_column_text][\/vc_column_inner][vc_column_inner width=&#8221;1\/3&#8243; offset=&#8221;vc_col-lg-2 vc_col-xs-6&#8243;][vc_column_text el_class=&#8221;travelo-box&#8221;]<a href=\"http:\/\/apoturperu.org\/\"><img decoding=\"async\" class=\"alignnone size-full wp-image-3884 lazyload\" data-src=\"http:\/\/tikatours.pe\/wp-content\/uploads\/2018\/11\/apotur.jpg\" alt=\"\" width=\"124\" height=\"65\" src=\"data:image\/svg+xml;base64,PHN2ZyB3aWR0aD0iMSIgaGVpZ2h0PSIxIiB4bWxucz0iaHR0cDovL3d3dy53My5vcmcvMjAwMC9zdmciPjwvc3ZnPg==\" style=\"--smush-placeholder-width: 124px; --smush-placeholder-aspect-ratio: 124\/65;\" \/><\/a>[\/vc_column_text][\/vc_column_inner][vc_column_inner width=&#8221;1\/3&#8243; offset=&#8221;vc_col-lg-2 vc_col-xs-6&#8243;][vc_column_text el_class=&#8221;travelo-box&#8221;]<a href=\"https:\/\/www.promperu.gob.pe\/\"><img decoding=\"async\" class=\"alignnone size-full wp-image-3885 lazyload\" data-src=\"http:\/\/tikatours.pe\/wp-content\/uploads\/2018\/11\/promperu.jpg\" alt=\"\" width=\"124\" height=\"65\" src=\"data:image\/svg+xml;base64,PHN2ZyB3aWR0aD0iMSIgaGVpZ2h0PSIxIiB4bWxucz0iaHR0cDovL3d3dy53My5vcmcvMjAwMC9zdmciPjwvc3ZnPg==\" style=\"--smush-placeholder-width: 124px; --smush-placeholder-aspect-ratio: 124\/65;\" \/><\/a>[\/vc_column_text][\/vc_column_inner][vc_column_inner width=&#8221;1\/3&#8243; offset=&#8221;vc_col-lg-2 vc_col-xs-6&#8243;][vc_column_text el_class=&#8221;travelo-box&#8221;]<a href=\"http:\/\/www.tikagroup.com.pe\/\"><img decoding=\"async\" class=\"alignnone size-full wp-image-3893 lazyload\" data-src=\"http:\/\/tikatours.pe\/wp-content\/uploads\/2018\/11\/tika-group.jpg\" alt=\"\" width=\"124\" height=\"65\" src=\"data:image\/svg+xml;base64,PHN2ZyB3aWR0aD0iMSIgaGVpZ2h0PSIxIiB4bWxucz0iaHR0cDovL3d3dy53My5vcmcvMjAwMC9zdmciPjwvc3ZnPg==\" style=\"--smush-placeholder-width: 124px; --smush-placeholder-aspect-ratio: 124\/65;\" \/><\/a>[\/vc_column_text][\/vc_column_inner][\/vc_row_inner]<\/div>[\/vc_column][\/vc_row]\n","protected":false},"excerpt":{"rendered":"<p>[vc_row][vc_column][vc_single_image image=&#8221;3213&#8243; img_size=&#8221;1068&#215;301&#8243; alignment=&#8221;center&#8221; css_animation=&#8221;none&#8221; title=&#8221;Tika Tours &#8211; Tour Operator &amp; DMC&#8221;][\/vc_column][\/vc_row][vc_row][vc_column][vc_column_text] [\/vc_column_text][\/vc_column][\/vc_row][vc_row][vc_column][\/vc_column][\/vc_row]<\/p>\n","protected":false},"author":1,"featured_media":0,"parent":0,"menu_order":0,"comment_status":"open","ping_status":"open","template":"","meta":{"content-type":"","footnotes":""},"class_list":["post-573","page","type-page","status-publish","hentry"],"yoast_head":"<!-- This site is optimized with the Yoast SEO plugin v27.0 - https:\/\/yoast.com\/product\/yoast-seo-wordpress\/ -->\n<title>(English) About Us | Tika Tours - Tour Operator &amp; DMC Peru<\/title>\n<meta name=\"description\" content=\"Tika Tours &amp; DMC Per\u00fa empresa especializada en consultor\u00eda y dise\u00f1o de paquetes a la medida, con un excelente equipo de profesionales de alto nivel.Tika Tours &amp; DMC Per\u00fa empresa especializada en asesoria y dise\u00f1o de paquetes a la medida, con un excelente equipo de profesionales de alto nivel.\" \/>\n<meta name=\"robots\" content=\"index, follow, max-snippet:-1, max-image-preview:large, max-video-preview:-1\" \/>\n<link rel=\"canonical\" href=\"https:\/\/tikatours.pe\/nosotros\/\" \/>\n<meta property=\"og:locale\" content=\"es_ES\" \/>\n<meta property=\"og:type\" content=\"article\" \/>\n<meta property=\"og:title\" content=\"[:en]About Us | Tika Tours - Tour Operator &amp; DMC Peru[:]\" \/>\n<meta property=\"og:description\" content=\"{:es}Tika Tours &amp; DMC Per\u00fa empresa especializada en consultor\u00eda y dise\u00f1o de paquetes a la medida, con un excelente equipo de profesionales de alto nivel.Tika Tours &amp; DMC Per\u00fa empresa especializada en asesoria y dise\u00f1o de paquetes a la medida, con un excelente equipo de profesionales de alto nivel.{:en}Tika Tours &amp; DMC Peru is a company specialized in consulting and custom package design, with an excellent team of high level professionals.Tika Tours &amp; DMC Peru is a company specialized in consulting and custom package design, with an excellent team of high level professionals.{:}\" \/>\n<meta property=\"og:url\" content=\"https:\/\/tikatours.pe\/nosotros\/\" \/>\n<meta property=\"og:site_name\" content=\"Tika Tours - Tour Operador &amp; DMC Per\u00fa\" \/>\n<meta property=\"article:publisher\" content=\"https:\/\/www.facebook.com\/tikatours\/\" \/>\n<meta property=\"article:modified_time\" content=\"2024-07-17T21:21:18+00:00\" \/>\n<meta property=\"og:image\" content=\"http:\/\/tikatours.pe\/wp-content\/uploads\/2018\/11\/IATA.jpg\" \/>\n<meta name=\"twitter:card\" content=\"summary_large_image\" \/>\n<meta name=\"twitter:label1\" content=\"Tiempo de lectura\" \/>\n\t<meta name=\"twitter:data1\" content=\"3 minutos\" \/>\n<script type=\"application\/ld+json\" class=\"yoast-schema-graph\">{\"@context\":\"https:\/\/schema.org\",\"@graph\":[{\"@type\":\"WebPage\",\"@id\":\"https:\/\/tikatours.pe\/nosotros\/\",\"url\":\"https:\/\/tikatours.pe\/nosotros\/\",\"name\":\"[:en]About Us | Tika Tours - Tour Operator & DMC Peru[:]\",\"isPartOf\":{\"@id\":\"https:\/\/tikatours.pe\/es\/#website\"},\"primaryImageOfPage\":{\"@id\":\"https:\/\/tikatours.pe\/nosotros\/#primaryimage\"},\"image\":{\"@id\":\"https:\/\/tikatours.pe\/nosotros\/#primaryimage\"},\"thumbnailUrl\":\"http:\/\/tikatours.pe\/wp-content\/uploads\/2018\/11\/IATA.jpg\",\"datePublished\":\"2014-11-22T07:46:57+00:00\",\"dateModified\":\"2024-07-17T21:21:18+00:00\",\"description\":\"{:es}Tika Tours & DMC Per\u00fa empresa especializada en consultor\u00eda y dise\u00f1o de paquetes a la medida, con un excelente equipo de profesionales de alto nivel.Tika Tours & DMC Per\u00fa empresa especializada en asesoria y dise\u00f1o de paquetes a la medida, con un excelente equipo de profesionales de alto nivel.{:en}Tika Tours & DMC Peru is a company specialized in consulting and custom package design, with an excellent team of high level professionals.Tika Tours & DMC Peru is a company specialized in consulting and custom package design, with an excellent team of high level professionals.{:}\",\"breadcrumb\":{\"@id\":\"https:\/\/tikatours.pe\/nosotros\/#breadcrumb\"},\"inLanguage\":\"es\",\"potentialAction\":[{\"@type\":\"ReadAction\",\"target\":[\"https:\/\/tikatours.pe\/nosotros\/\"]}]},{\"@type\":\"ImageObject\",\"inLanguage\":\"es\",\"@id\":\"https:\/\/tikatours.pe\/nosotros\/#primaryimage\",\"url\":\"http:\/\/tikatours.pe\/wp-content\/uploads\/2018\/11\/IATA.jpg\",\"contentUrl\":\"http:\/\/tikatours.pe\/wp-content\/uploads\/2018\/11\/IATA.jpg\"},{\"@type\":\"BreadcrumbList\",\"@id\":\"https:\/\/tikatours.pe\/nosotros\/#breadcrumb\",\"itemListElement\":[{\"@type\":\"ListItem\",\"position\":1,\"name\":\"Portada\",\"item\":\"https:\/\/tikatours.pe\/\"},{\"@type\":\"ListItem\",\"position\":2,\"name\":\"Sobre Nosotros\"}]},{\"@type\":\"WebSite\",\"@id\":\"https:\/\/tikatours.pe\/es\/#website\",\"url\":\"https:\/\/tikatours.pe\/es\/\",\"name\":\"Tika Tours - Tour Operador &amp; DMC Per\u00fa\",\"description\":\"Programas Tur\u00edsticos a medida Per\u00fa\",\"publisher\":{\"@id\":\"https:\/\/tikatours.pe\/es\/#organization\"},\"potentialAction\":[{\"@type\":\"SearchAction\",\"target\":{\"@type\":\"EntryPoint\",\"urlTemplate\":\"https:\/\/tikatours.pe\/es\/?s={search_term_string}\"},\"query-input\":{\"@type\":\"PropertyValueSpecification\",\"valueRequired\":true,\"valueName\":\"search_term_string\"}}],\"inLanguage\":\"es\"},{\"@type\":\"Organization\",\"@id\":\"https:\/\/tikatours.pe\/es\/#organization\",\"name\":\"Tika Tours\",\"url\":\"https:\/\/tikatours.pe\/es\/\",\"logo\":{\"@type\":\"ImageObject\",\"inLanguage\":\"es\",\"@id\":\"https:\/\/tikatours.pe\/es\/#\/schema\/logo\/image\/\",\"url\":\"https:\/\/tikatours.pe\/wp-content\/uploads\/2018\/09\/logo7v@2x.png\",\"contentUrl\":\"https:\/\/tikatours.pe\/wp-content\/uploads\/2018\/09\/logo7v@2x.png\",\"width\":336,\"height\":80,\"caption\":\"Tika Tours\"},\"image\":{\"@id\":\"https:\/\/tikatours.pe\/es\/#\/schema\/logo\/image\/\"},\"sameAs\":[\"https:\/\/www.facebook.com\/tikatours\/\"]}]}<\/script>\n<!-- \/ Yoast SEO plugin. -->","yoast_head_json":{"title":"(English) About Us | Tika Tours - Tour Operator & DMC Peru","description":"Tika Tours & DMC Per\u00fa empresa especializada en consultor\u00eda y dise\u00f1o de paquetes a la medida, con un excelente equipo de profesionales de alto nivel.Tika Tours & DMC Per\u00fa empresa especializada en asesoria y dise\u00f1o de paquetes a la medida, con un excelente equipo de profesionales de alto nivel.","robots":{"index":"index","follow":"follow","max-snippet":"max-snippet:-1","max-image-preview":"max-image-preview:large","max-video-preview":"max-video-preview:-1"},"canonical":"https:\/\/tikatours.pe\/nosotros\/","og_locale":"es_ES","og_type":"article","og_title":"[:en]About Us | Tika Tours - Tour Operator & DMC Peru[:]","og_description":"{:es}Tika Tours & DMC Per\u00fa empresa especializada en consultor\u00eda y dise\u00f1o de paquetes a la medida, con un excelente equipo de profesionales de alto nivel.Tika Tours & DMC Per\u00fa empresa especializada en asesoria y dise\u00f1o de paquetes a la medida, con un excelente equipo de profesionales de alto nivel.{:en}Tika Tours & DMC Peru is a company specialized in consulting and custom package design, with an excellent team of high level professionals.Tika Tours & DMC Peru is a company specialized in consulting and custom package design, with an excellent team of high level professionals.{:}","og_url":"https:\/\/tikatours.pe\/nosotros\/","og_site_name":"Tika Tours - Tour Operador &amp; DMC Per\u00fa","article_publisher":"https:\/\/www.facebook.com\/tikatours\/","article_modified_time":"2024-07-17T21:21:18+00:00","og_image":[{"url":"http:\/\/tikatours.pe\/wp-content\/uploads\/2018\/11\/IATA.jpg","type":"","width":"","height":""}],"twitter_card":"summary_large_image","twitter_misc":{"Tiempo de lectura":"3 minutos"},"schema":{"@context":"https:\/\/schema.org","@graph":[{"@type":"WebPage","@id":"https:\/\/tikatours.pe\/nosotros\/","url":"https:\/\/tikatours.pe\/nosotros\/","name":"[:en]About Us | Tika Tours - Tour Operator & DMC Peru[:]","isPartOf":{"@id":"https:\/\/tikatours.pe\/es\/#website"},"primaryImageOfPage":{"@id":"https:\/\/tikatours.pe\/nosotros\/#primaryimage"},"image":{"@id":"https:\/\/tikatours.pe\/nosotros\/#primaryimage"},"thumbnailUrl":"http:\/\/tikatours.pe\/wp-content\/uploads\/2018\/11\/IATA.jpg","datePublished":"2014-11-22T07:46:57+00:00","dateModified":"2024-07-17T21:21:18+00:00","description":"{:es}Tika Tours & DMC Per\u00fa empresa especializada en consultor\u00eda y dise\u00f1o de paquetes a la medida, con un excelente equipo de profesionales de alto nivel.Tika Tours & DMC Per\u00fa empresa especializada en asesoria y dise\u00f1o de paquetes a la medida, con un excelente equipo de profesionales de alto nivel.{:en}Tika Tours & DMC Peru is a company specialized in consulting and custom package design, with an excellent team of high level professionals.Tika Tours & DMC Peru is a company specialized in consulting and custom package design, with an excellent team of high level professionals.{:}","breadcrumb":{"@id":"https:\/\/tikatours.pe\/nosotros\/#breadcrumb"},"inLanguage":"es","potentialAction":[{"@type":"ReadAction","target":["https:\/\/tikatours.pe\/nosotros\/"]}]},{"@type":"ImageObject","inLanguage":"es","@id":"https:\/\/tikatours.pe\/nosotros\/#primaryimage","url":"http:\/\/tikatours.pe\/wp-content\/uploads\/2018\/11\/IATA.jpg","contentUrl":"http:\/\/tikatours.pe\/wp-content\/uploads\/2018\/11\/IATA.jpg"},{"@type":"BreadcrumbList","@id":"https:\/\/tikatours.pe\/nosotros\/#breadcrumb","itemListElement":[{"@type":"ListItem","position":1,"name":"Portada","item":"https:\/\/tikatours.pe\/"},{"@type":"ListItem","position":2,"name":"Sobre Nosotros"}]},{"@type":"WebSite","@id":"https:\/\/tikatours.pe\/es\/#website","url":"https:\/\/tikatours.pe\/es\/","name":"Tika Tours - Tour Operador &amp; DMC Per\u00fa","description":"Programas Tur\u00edsticos a medida Per\u00fa","publisher":{"@id":"https:\/\/tikatours.pe\/es\/#organization"},"potentialAction":[{"@type":"SearchAction","target":{"@type":"EntryPoint","urlTemplate":"https:\/\/tikatours.pe\/es\/?s={search_term_string}"},"query-input":{"@type":"PropertyValueSpecification","valueRequired":true,"valueName":"search_term_string"}}],"inLanguage":"es"},{"@type":"Organization","@id":"https:\/\/tikatours.pe\/es\/#organization","name":"Tika Tours","url":"https:\/\/tikatours.pe\/es\/","logo":{"@type":"ImageObject","inLanguage":"es","@id":"https:\/\/tikatours.pe\/es\/#\/schema\/logo\/image\/","url":"https:\/\/tikatours.pe\/wp-content\/uploads\/2018\/09\/logo7v@2x.png","contentUrl":"https:\/\/tikatours.pe\/wp-content\/uploads\/2018\/09\/logo7v@2x.png","width":336,"height":80,"caption":"Tika Tours"},"image":{"@id":"https:\/\/tikatours.pe\/es\/#\/schema\/logo\/image\/"},"sameAs":["https:\/\/www.facebook.com\/tikatours\/"]}]}},"jetpack_sharing_enabled":true,"_links":{"self":[{"href":"https:\/\/tikatours.pe\/es\/wp-json\/wp\/v2\/pages\/573","targetHints":{"allow":["GET"]}}],"collection":[{"href":"https:\/\/tikatours.pe\/es\/wp-json\/wp\/v2\/pages"}],"about":[{"href":"https:\/\/tikatours.pe\/es\/wp-json\/wp\/v2\/types\/page"}],"author":[{"embeddable":true,"href":"https:\/\/tikatours.pe\/es\/wp-json\/wp\/v2\/users\/1"}],"replies":[{"embeddable":true,"href":"https:\/\/tikatours.pe\/es\/wp-json\/wp\/v2\/comments?post=573"}],"version-history":[{"count":167,"href":"https:\/\/tikatours.pe\/es\/wp-json\/wp\/v2\/pages\/573\/revisions"}],"predecessor-version":[{"id":5609,"href":"https:\/\/tikatours.pe\/es\/wp-json\/wp\/v2\/pages\/573\/revisions\/5609"}],"wp:attachment":[{"href":"https:\/\/tikatours.pe\/es\/wp-json\/wp\/v2\/media?parent=573"}],"curies":[{"name":"wp","href":"https:\/\/api.w.org\/{rel}","templated":true}]}}