{"id":3958,"date":"2018-11-06T11:25:06","date_gmt":"2018-11-06T16:25:06","guid":{"rendered":"https:\/\/tikatours.pe\/?page_id=3958"},"modified":"2019-07-02T15:08:00","modified_gmt":"2019-07-02T20:08:00","slug":"preguntas-frecuentes","status":"publish","type":"page","link":"https:\/\/tikatours.pe\/pb\/contactenos-paquetes-a-la-medida\/preguntas-frecuentes\/","title":{"rendered":"(Espa\u00f1ol) Preguntas Frecuentes"},"content":{"rendered":"[vc_row][vc_column][vc_column_text]\n<p style=\"text-align: center;\">[accordions_pplugins id=&#8217;3955&#8242;]\n[\/vc_column_text][vc_empty_space el_id=&#8221;space-faq&#8221;][vc_btn title=&#8221;Regresar&#8221; style=&#8221;classic&#8221; color=&#8221;violet&#8221; size=&#8221;sm&#8221; align=&#8221;center&#8221; i_icon_fontawesome=&#8221;fa fa-reply&#8221; add_icon=&#8221;true&#8221; link=&#8221;url:https%3A%2F%2Ftikatours.pe%2Fcontactenos-paquetes-a-la-medida%2F|||rel:nofollow&#8221; el_id=&#8221;bt-regresar&#8221;][\/vc_column][\/vc_row]\n","protected":false},"excerpt":{"rendered":"<p>[vc_row][vc_column][vc_column_text] [accordions_pplugins id=&#8217;3955&#8242;] [\/vc_column_text][vc_empty_space el_id=&#8221;space-faq&#8221;][vc_btn title=&#8221;Regresar&#8221; style=&#8221;classic&#8221; color=&#8221;violet&#8221; size=&#8221;sm&#8221; align=&#8221;center&#8221; i_icon_fontawesome=&#8221;fa fa-reply&#8221; add_icon=&#8221;true&#8221; link=&#8221;url:https%3A%2F%2Ftikatours.pe%2Fcontactenos-paquetes-a-la-medida%2F|||rel:nofollow&#8221; el_id=&#8221;bt-regresar&#8221;][\/vc_column][\/vc_row]<\/p>\n","protected":false},"author":4,"featured_media":0,"parent":671,"menu_order":0,"comment_status":"closed","ping_status":"closed","template":"","meta":{"content-type":"","footnotes":""},"class_list":["post-3958","page","type-page","status-publish","hentry"],"yoast_head":"<!-- This site is optimized with the Yoast SEO plugin v27.0 - https:\/\/yoast.com\/product\/yoast-seo-wordpress\/ -->\n<title>(Espa\u00f1ol) Preguntas Frecuentes | Tika Tours - Tour Operador &amp; DMC Per\u00fa<\/title>\n<meta name=\"robots\" content=\"index, follow, max-snippet:-1, max-image-preview:large, max-video-preview:-1\" \/>\n<link rel=\"canonical\" href=\"https:\/\/tikatours.pe\/contactenos-paquetes-a-la-medida\/preguntas-frecuentes\/\" \/>\n<meta property=\"og:locale\" content=\"pt_BR\" \/>\n<meta property=\"og:type\" content=\"article\" \/>\n<meta property=\"og:title\" content=\"(Espa\u00f1ol) Preguntas Frecuentes | Tika Tours - Tour Operador &amp; DMC Per\u00fa\" \/>\n<meta property=\"og:description\" content=\"[vc_row][vc_column][vc_column_text] [accordions_pplugins id=&#8217;3955&#8242;] [\/vc_column_text][vc_empty_space el_id=&#8221;space-faq&#8221;][vc_btn title=&#8221;Regresar&#8221; style=&#8221;classic&#8221; color=&#8221;violet&#8221; size=&#8221;sm&#8221; align=&#8221;center&#8221; i_icon_fontawesome=&#8221;fa fa-reply&#8221; add_icon=&#8221;true&#8221; link=&#8221;url:https%3A%2F%2Ftikatours.pe%2Fcontactenos-paquetes-a-la-medida%2F|||rel:nofollow&#8221; el_id=&#8221;bt-regresar&#8221;][\/vc_column][\/vc_row]\" \/>\n<meta property=\"og:url\" content=\"https:\/\/tikatours.pe\/contactenos-paquetes-a-la-medida\/preguntas-frecuentes\/\" \/>\n<meta property=\"og:site_name\" content=\"Tika Tours - Tour Operador &amp; DMC Per\u00fa\" \/>\n<meta property=\"article:publisher\" content=\"https:\/\/www.facebook.com\/tikatours\/\" \/>\n<meta property=\"article:modified_time\" content=\"2019-07-02T20:08:00+00:00\" \/>\n<meta name=\"twitter:card\" content=\"summary_large_image\" \/>\n<script type=\"application\/ld+json\" class=\"yoast-schema-graph\">{\"@context\":\"https:\/\/schema.org\",\"@graph\":[{\"@type\":\"WebPage\",\"@id\":\"https:\/\/tikatours.pe\/contactenos-paquetes-a-la-medida\/preguntas-frecuentes\/\",\"url\":\"https:\/\/tikatours.pe\/contactenos-paquetes-a-la-medida\/preguntas-frecuentes\/\",\"name\":\"(Espa\u00f1ol) Preguntas Frecuentes | Tika Tours - Tour Operador &amp; DMC Per\u00fa\",\"isPartOf\":{\"@id\":\"https:\/\/tikatours.pe\/es\/#website\"},\"datePublished\":\"2018-11-06T16:25:06+00:00\",\"dateModified\":\"2019-07-02T20:08:00+00:00\",\"breadcrumb\":{\"@id\":\"https:\/\/tikatours.pe\/contactenos-paquetes-a-la-medida\/preguntas-frecuentes\/#breadcrumb\"},\"inLanguage\":\"pt-BR\",\"potentialAction\":[{\"@type\":\"ReadAction\",\"target\":[\"https:\/\/tikatours.pe\/contactenos-paquetes-a-la-medida\/preguntas-frecuentes\/\"]}]},{\"@type\":\"BreadcrumbList\",\"@id\":\"https:\/\/tikatours.pe\/contactenos-paquetes-a-la-medida\/preguntas-frecuentes\/#breadcrumb\",\"itemListElement\":[{\"@type\":\"ListItem\",\"position\":1,\"name\":\"Portada\",\"item\":\"https:\/\/tikatours.pe\/\"},{\"@type\":\"ListItem\",\"position\":2,\"name\":\"Cont\u00e1ctanos\",\"item\":\"https:\/\/tikatours.pe\/contactenos-paquetes-a-la-medida\/\"},{\"@type\":\"ListItem\",\"position\":3,\"name\":\"Frequently Asked Questions\"}]},{\"@type\":\"WebSite\",\"@id\":\"https:\/\/tikatours.pe\/es\/#website\",\"url\":\"https:\/\/tikatours.pe\/es\/\",\"name\":\"Tika Tours - Tour Operador &amp; DMC Per\u00fa\",\"description\":\"(Espa\u00f1ol) Programas Tur\u00edsticos a medida Per\u00fa\",\"publisher\":{\"@id\":\"https:\/\/tikatours.pe\/es\/#organization\"},\"potentialAction\":[{\"@type\":\"SearchAction\",\"target\":{\"@type\":\"EntryPoint\",\"urlTemplate\":\"https:\/\/tikatours.pe\/es\/?s={search_term_string}\"},\"query-input\":{\"@type\":\"PropertyValueSpecification\",\"valueRequired\":true,\"valueName\":\"search_term_string\"}}],\"inLanguage\":\"pt-BR\"},{\"@type\":\"Organization\",\"@id\":\"https:\/\/tikatours.pe\/es\/#organization\",\"name\":\"Tika Tours\",\"url\":\"https:\/\/tikatours.pe\/es\/\",\"logo\":{\"@type\":\"ImageObject\",\"inLanguage\":\"pt-BR\",\"@id\":\"https:\/\/tikatours.pe\/es\/#\/schema\/logo\/image\/\",\"url\":\"https:\/\/tikatours.pe\/wp-content\/uploads\/2018\/09\/logo7v@2x.png\",\"contentUrl\":\"https:\/\/tikatours.pe\/wp-content\/uploads\/2018\/09\/logo7v@2x.png\",\"width\":336,\"height\":80,\"caption\":\"Tika Tours\"},\"image\":{\"@id\":\"https:\/\/tikatours.pe\/es\/#\/schema\/logo\/image\/\"},\"sameAs\":[\"https:\/\/www.facebook.com\/tikatours\/\"]}]}<\/script>\n<!-- \/ Yoast SEO plugin. -->","yoast_head_json":{"title":"(Espa\u00f1ol) Preguntas Frecuentes | Tika Tours - Tour Operador &amp; DMC Per\u00fa","robots":{"index":"index","follow":"follow","max-snippet":"max-snippet:-1","max-image-preview":"max-image-preview:large","max-video-preview":"max-video-preview:-1"},"canonical":"https:\/\/tikatours.pe\/contactenos-paquetes-a-la-medida\/preguntas-frecuentes\/","og_locale":"pt_BR","og_type":"article","og_title":"(Espa\u00f1ol) Preguntas Frecuentes | Tika Tours - Tour Operador &amp; DMC Per\u00fa","og_description":"[vc_row][vc_column][vc_column_text] [accordions_pplugins id=&#8217;3955&#8242;] [\/vc_column_text][vc_empty_space el_id=&#8221;space-faq&#8221;][vc_btn title=&#8221;Regresar&#8221; style=&#8221;classic&#8221; color=&#8221;violet&#8221; size=&#8221;sm&#8221; align=&#8221;center&#8221; i_icon_fontawesome=&#8221;fa fa-reply&#8221; add_icon=&#8221;true&#8221; link=&#8221;url:https%3A%2F%2Ftikatours.pe%2Fcontactenos-paquetes-a-la-medida%2F|||rel:nofollow&#8221; el_id=&#8221;bt-regresar&#8221;][\/vc_column][\/vc_row]","og_url":"https:\/\/tikatours.pe\/contactenos-paquetes-a-la-medida\/preguntas-frecuentes\/","og_site_name":"Tika Tours - Tour Operador &amp; DMC Per\u00fa","article_publisher":"https:\/\/www.facebook.com\/tikatours\/","article_modified_time":"2019-07-02T20:08:00+00:00","twitter_card":"summary_large_image","schema":{"@context":"https:\/\/schema.org","@graph":[{"@type":"WebPage","@id":"https:\/\/tikatours.pe\/contactenos-paquetes-a-la-medida\/preguntas-frecuentes\/","url":"https:\/\/tikatours.pe\/contactenos-paquetes-a-la-medida\/preguntas-frecuentes\/","name":"(Espa\u00f1ol) Preguntas Frecuentes | Tika Tours - Tour Operador &amp; DMC Per\u00fa","isPartOf":{"@id":"https:\/\/tikatours.pe\/es\/#website"},"datePublished":"2018-11-06T16:25:06+00:00","dateModified":"2019-07-02T20:08:00+00:00","breadcrumb":{"@id":"https:\/\/tikatours.pe\/contactenos-paquetes-a-la-medida\/preguntas-frecuentes\/#breadcrumb"},"inLanguage":"pt-BR","potentialAction":[{"@type":"ReadAction","target":["https:\/\/tikatours.pe\/contactenos-paquetes-a-la-medida\/preguntas-frecuentes\/"]}]},{"@type":"BreadcrumbList","@id":"https:\/\/tikatours.pe\/contactenos-paquetes-a-la-medida\/preguntas-frecuentes\/#breadcrumb","itemListElement":[{"@type":"ListItem","position":1,"name":"Portada","item":"https:\/\/tikatours.pe\/"},{"@type":"ListItem","position":2,"name":"Cont\u00e1ctanos","item":"https:\/\/tikatours.pe\/contactenos-paquetes-a-la-medida\/"},{"@type":"ListItem","position":3,"name":"Frequently Asked Questions"}]},{"@type":"WebSite","@id":"https:\/\/tikatours.pe\/es\/#website","url":"https:\/\/tikatours.pe\/es\/","name":"Tika Tours - Tour Operador &amp; DMC Per\u00fa","description":"(Espa\u00f1ol) Programas Tur\u00edsticos a medida Per\u00fa","publisher":{"@id":"https:\/\/tikatours.pe\/es\/#organization"},"potentialAction":[{"@type":"SearchAction","target":{"@type":"EntryPoint","urlTemplate":"https:\/\/tikatours.pe\/es\/?s={search_term_string}"},"query-input":{"@type":"PropertyValueSpecification","valueRequired":true,"valueName":"search_term_string"}}],"inLanguage":"pt-BR"},{"@type":"Organization","@id":"https:\/\/tikatours.pe\/es\/#organization","name":"Tika Tours","url":"https:\/\/tikatours.pe\/es\/","logo":{"@type":"ImageObject","inLanguage":"pt-BR","@id":"https:\/\/tikatours.pe\/es\/#\/schema\/logo\/image\/","url":"https:\/\/tikatours.pe\/wp-content\/uploads\/2018\/09\/logo7v@2x.png","contentUrl":"https:\/\/tikatours.pe\/wp-content\/uploads\/2018\/09\/logo7v@2x.png","width":336,"height":80,"caption":"Tika Tours"},"image":{"@id":"https:\/\/tikatours.pe\/es\/#\/schema\/logo\/image\/"},"sameAs":["https:\/\/www.facebook.com\/tikatours\/"]}]}},"jetpack_sharing_enabled":true,"_links":{"self":[{"href":"https:\/\/tikatours.pe\/pb\/wp-json\/wp\/v2\/pages\/3958","targetHints":{"allow":["GET"]}}],"collection":[{"href":"https:\/\/tikatours.pe\/pb\/wp-json\/wp\/v2\/pages"}],"about":[{"href":"https:\/\/tikatours.pe\/pb\/wp-json\/wp\/v2\/types\/page"}],"author":[{"embeddable":true,"href":"https:\/\/tikatours.pe\/pb\/wp-json\/wp\/v2\/users\/4"}],"replies":[{"embeddable":true,"href":"https:\/\/tikatours.pe\/pb\/wp-json\/wp\/v2\/comments?post=3958"}],"version-history":[{"count":4,"href":"https:\/\/tikatours.pe\/pb\/wp-json\/wp\/v2\/pages\/3958\/revisions"}],"predecessor-version":[{"id":5230,"href":"https:\/\/tikatours.pe\/pb\/wp-json\/wp\/v2\/pages\/3958\/revisions\/5230"}],"up":[{"embeddable":true,"href":"https:\/\/tikatours.pe\/pb\/wp-json\/wp\/v2\/pages\/671"}],"wp:attachment":[{"href":"https:\/\/tikatours.pe\/pb\/wp-json\/wp\/v2\/media?parent=3958"}],"curies":[{"name":"wp","href":"https:\/\/api.w.org\/{rel}","templated":true}]}}