{"id":3969,"date":"2018-11-14T11:16:30","date_gmt":"2018-11-14T16:16:30","guid":{"rendered":"https:\/\/tikatours.pe\/?page_id=3969"},"modified":"2024-07-17T11:43:25","modified_gmt":"2024-07-17T16:43:25","slug":"nuestros-servicios","status":"publish","type":"page","link":"https:\/\/tikatours.pe\/pb\/nuestros-servicios\/","title":{"rendered":"(Espa\u00f1ol) Nuestros Servicios"},"content":{"rendered":"<p class=\"qtranxs-available-languages-message qtranxs-available-languages-message-pb\">Desculpe-nos, mas este texto est\u00e1 apenas dispon\u00edvel em <a href=\"https:\/\/tikatours.pe\/es\/wp-json\/wp\/v2\/pages\/3969\" class=\"qtranxs-available-language-link qtranxs-available-language-link-es\" title=\"Espa\u00f1ol\">Espa\u00f1ol<\/a>, <a href=\"https:\/\/tikatours.pe\/en\/wp-json\/wp\/v2\/pages\/3969\" class=\"qtranxs-available-language-link qtranxs-available-language-link-en\" title=\"English\">English<\/a> y <a href=\"https:\/\/tikatours.pe\/ru\/wp-json\/wp\/v2\/pages\/3969\" class=\"qtranxs-available-language-link qtranxs-available-language-link-ru\" title=\"\u0420\u0443\u0441\u0441\u043a\u0438\u0439\">\u0420\u0443\u0441\u0441\u043a\u0438\u0439<\/a>.<\/p>\n","protected":false},"excerpt":{"rendered":"<p>Desculpe-nos, mas este texto est\u00e1 apenas dispon\u00edvel em Espa\u00f1ol, English y \u0420\u0443\u0441\u0441\u043a\u0438\u0439.<\/p>\n","protected":false},"author":4,"featured_media":0,"parent":0,"menu_order":0,"comment_status":"closed","ping_status":"closed","template":"","meta":{"content-type":"","footnotes":""},"class_list":["post-3969","page","type-page","status-publish","hentry"],"yoast_head":"<!-- This site is optimized with the Yoast SEO plugin v27.0 - https:\/\/yoast.com\/product\/yoast-seo-wordpress\/ -->\n<title>(Espa\u00f1ol) Nuestros Servicios | Tika Tours - Tour Operador &amp; DMC Per\u00fa<\/title>\n<meta name=\"robots\" content=\"index, follow, max-snippet:-1, max-image-preview:large, max-video-preview:-1\" \/>\n<link rel=\"canonical\" href=\"https:\/\/tikatours.pe\/nuestros-servicios\/\" \/>\n<meta property=\"og:locale\" content=\"pt_BR\" \/>\n<meta property=\"og:type\" content=\"article\" \/>\n<meta property=\"og:title\" content=\"(Espa\u00f1ol) Nuestros Servicios | Tika Tours - Tour Operador &amp; DMC Per\u00fa\" \/>\n<meta property=\"og:description\" content=\"Desculpe-nos, mas este texto est\u00e1 apenas dispon\u00edvel em Espa\u00f1ol, English y \u0420\u0443\u0441\u0441\u043a\u0438\u0439.\" \/>\n<meta property=\"og:url\" content=\"https:\/\/tikatours.pe\/nuestros-servicios\/\" \/>\n<meta property=\"og:site_name\" content=\"Tika Tours - Tour Operador &amp; DMC Per\u00fa\" \/>\n<meta property=\"article:publisher\" content=\"https:\/\/www.facebook.com\/tikatours\/\" \/>\n<meta property=\"article:modified_time\" content=\"2024-07-17T16:43:25+00:00\" \/>\n<meta name=\"twitter:card\" content=\"summary_large_image\" \/>\n<meta name=\"twitter:label1\" content=\"Est. tempo de leitura\" \/>\n\t<meta name=\"twitter:data1\" content=\"2 minutos\" \/>\n<script type=\"application\/ld+json\" class=\"yoast-schema-graph\">{\"@context\":\"https:\/\/schema.org\",\"@graph\":[{\"@type\":\"WebPage\",\"@id\":\"https:\/\/tikatours.pe\/nuestros-servicios\/\",\"url\":\"https:\/\/tikatours.pe\/nuestros-servicios\/\",\"name\":\"(Espa\u00f1ol) Nuestros Servicios | Tika Tours - Tour Operador &amp; DMC Per\u00fa\",\"isPartOf\":{\"@id\":\"https:\/\/tikatours.pe\/es\/#website\"},\"datePublished\":\"2018-11-14T16:16:30+00:00\",\"dateModified\":\"2024-07-17T16:43:25+00:00\",\"breadcrumb\":{\"@id\":\"https:\/\/tikatours.pe\/nuestros-servicios\/#breadcrumb\"},\"inLanguage\":\"pt-BR\",\"potentialAction\":[{\"@type\":\"ReadAction\",\"target\":[\"https:\/\/tikatours.pe\/nuestros-servicios\/\"]}]},{\"@type\":\"BreadcrumbList\",\"@id\":\"https:\/\/tikatours.pe\/nuestros-servicios\/#breadcrumb\",\"itemListElement\":[{\"@type\":\"ListItem\",\"position\":1,\"name\":\"Portada\",\"item\":\"https:\/\/tikatours.pe\/\"},{\"@type\":\"ListItem\",\"position\":2,\"name\":\"Nuestros Servicios\"}]},{\"@type\":\"WebSite\",\"@id\":\"https:\/\/tikatours.pe\/es\/#website\",\"url\":\"https:\/\/tikatours.pe\/es\/\",\"name\":\"Tika Tours - Tour Operador &amp; DMC Per\u00fa\",\"description\":\"(Espa\u00f1ol) Programas Tur\u00edsticos a medida Per\u00fa\",\"publisher\":{\"@id\":\"https:\/\/tikatours.pe\/es\/#organization\"},\"potentialAction\":[{\"@type\":\"SearchAction\",\"target\":{\"@type\":\"EntryPoint\",\"urlTemplate\":\"https:\/\/tikatours.pe\/es\/?s={search_term_string}\"},\"query-input\":{\"@type\":\"PropertyValueSpecification\",\"valueRequired\":true,\"valueName\":\"search_term_string\"}}],\"inLanguage\":\"pt-BR\"},{\"@type\":\"Organization\",\"@id\":\"https:\/\/tikatours.pe\/es\/#organization\",\"name\":\"Tika Tours\",\"url\":\"https:\/\/tikatours.pe\/es\/\",\"logo\":{\"@type\":\"ImageObject\",\"inLanguage\":\"pt-BR\",\"@id\":\"https:\/\/tikatours.pe\/es\/#\/schema\/logo\/image\/\",\"url\":\"https:\/\/tikatours.pe\/wp-content\/uploads\/2018\/09\/logo7v@2x.png\",\"contentUrl\":\"https:\/\/tikatours.pe\/wp-content\/uploads\/2018\/09\/logo7v@2x.png\",\"width\":336,\"height\":80,\"caption\":\"Tika Tours\"},\"image\":{\"@id\":\"https:\/\/tikatours.pe\/es\/#\/schema\/logo\/image\/\"},\"sameAs\":[\"https:\/\/www.facebook.com\/tikatours\/\"]}]}<\/script>\n<!-- \/ Yoast SEO plugin. -->","yoast_head_json":{"title":"(Espa\u00f1ol) Nuestros Servicios | Tika Tours - Tour Operador &amp; DMC Per\u00fa","robots":{"index":"index","follow":"follow","max-snippet":"max-snippet:-1","max-image-preview":"max-image-preview:large","max-video-preview":"max-video-preview:-1"},"canonical":"https:\/\/tikatours.pe\/nuestros-servicios\/","og_locale":"pt_BR","og_type":"article","og_title":"(Espa\u00f1ol) Nuestros Servicios | Tika Tours - Tour Operador &amp; DMC Per\u00fa","og_description":"Desculpe-nos, mas este texto est\u00e1 apenas dispon\u00edvel em Espa\u00f1ol, English y \u0420\u0443\u0441\u0441\u043a\u0438\u0439.","og_url":"https:\/\/tikatours.pe\/nuestros-servicios\/","og_site_name":"Tika Tours - Tour Operador &amp; DMC Per\u00fa","article_publisher":"https:\/\/www.facebook.com\/tikatours\/","article_modified_time":"2024-07-17T16:43:25+00:00","twitter_card":"summary_large_image","twitter_misc":{"Est. tempo de leitura":"2 minutos"},"schema":{"@context":"https:\/\/schema.org","@graph":[{"@type":"WebPage","@id":"https:\/\/tikatours.pe\/nuestros-servicios\/","url":"https:\/\/tikatours.pe\/nuestros-servicios\/","name":"(Espa\u00f1ol) Nuestros Servicios | Tika Tours - Tour Operador &amp; DMC Per\u00fa","isPartOf":{"@id":"https:\/\/tikatours.pe\/es\/#website"},"datePublished":"2018-11-14T16:16:30+00:00","dateModified":"2024-07-17T16:43:25+00:00","breadcrumb":{"@id":"https:\/\/tikatours.pe\/nuestros-servicios\/#breadcrumb"},"inLanguage":"pt-BR","potentialAction":[{"@type":"ReadAction","target":["https:\/\/tikatours.pe\/nuestros-servicios\/"]}]},{"@type":"BreadcrumbList","@id":"https:\/\/tikatours.pe\/nuestros-servicios\/#breadcrumb","itemListElement":[{"@type":"ListItem","position":1,"name":"Portada","item":"https:\/\/tikatours.pe\/"},{"@type":"ListItem","position":2,"name":"Nuestros Servicios"}]},{"@type":"WebSite","@id":"https:\/\/tikatours.pe\/es\/#website","url":"https:\/\/tikatours.pe\/es\/","name":"Tika Tours - Tour Operador &amp; DMC Per\u00fa","description":"(Espa\u00f1ol) Programas Tur\u00edsticos a medida Per\u00fa","publisher":{"@id":"https:\/\/tikatours.pe\/es\/#organization"},"potentialAction":[{"@type":"SearchAction","target":{"@type":"EntryPoint","urlTemplate":"https:\/\/tikatours.pe\/es\/?s={search_term_string}"},"query-input":{"@type":"PropertyValueSpecification","valueRequired":true,"valueName":"search_term_string"}}],"inLanguage":"pt-BR"},{"@type":"Organization","@id":"https:\/\/tikatours.pe\/es\/#organization","name":"Tika Tours","url":"https:\/\/tikatours.pe\/es\/","logo":{"@type":"ImageObject","inLanguage":"pt-BR","@id":"https:\/\/tikatours.pe\/es\/#\/schema\/logo\/image\/","url":"https:\/\/tikatours.pe\/wp-content\/uploads\/2018\/09\/logo7v@2x.png","contentUrl":"https:\/\/tikatours.pe\/wp-content\/uploads\/2018\/09\/logo7v@2x.png","width":336,"height":80,"caption":"Tika Tours"},"image":{"@id":"https:\/\/tikatours.pe\/es\/#\/schema\/logo\/image\/"},"sameAs":["https:\/\/www.facebook.com\/tikatours\/"]}]}},"jetpack_sharing_enabled":true,"_links":{"self":[{"href":"https:\/\/tikatours.pe\/pb\/wp-json\/wp\/v2\/pages\/3969","targetHints":{"allow":["GET"]}}],"collection":[{"href":"https:\/\/tikatours.pe\/pb\/wp-json\/wp\/v2\/pages"}],"about":[{"href":"https:\/\/tikatours.pe\/pb\/wp-json\/wp\/v2\/types\/page"}],"author":[{"embeddable":true,"href":"https:\/\/tikatours.pe\/pb\/wp-json\/wp\/v2\/users\/4"}],"replies":[{"embeddable":true,"href":"https:\/\/tikatours.pe\/pb\/wp-json\/wp\/v2\/comments?post=3969"}],"version-history":[{"count":334,"href":"https:\/\/tikatours.pe\/pb\/wp-json\/wp\/v2\/pages\/3969\/revisions"}],"predecessor-version":[{"id":5577,"href":"https:\/\/tikatours.pe\/pb\/wp-json\/wp\/v2\/pages\/3969\/revisions\/5577"}],"wp:attachment":[{"href":"https:\/\/tikatours.pe\/pb\/wp-json\/wp\/v2\/media?parent=3969"}],"curies":[{"name":"wp","href":"https:\/\/api.w.org\/{rel}","templated":true}]}}