{"id":573,"date":"2014-11-22T07:46:57","date_gmt":"2014-11-22T07:46:57","guid":{"rendered":"http:\/\/www.soaptheme.net\/wordpress\/travelo\/?page_id=573"},"modified":"2024-07-17T16:21:18","modified_gmt":"2024-07-17T21:21:18","slug":"nosotros","status":"publish","type":"page","link":"https:\/\/tikatours.pe\/pb\/nosotros\/","title":{"rendered":"(Espa\u00f1ol) Sobre Nosotros"},"content":{"rendered":"<p class=\"qtranxs-available-languages-message qtranxs-available-languages-message-pb\">Desculpe-nos, mas este texto est\u00e1 apenas dispon\u00edvel em <a href=\"https:\/\/tikatours.pe\/es\/wp-json\/wp\/v2\/pages\/573\" class=\"qtranxs-available-language-link qtranxs-available-language-link-es\" title=\"Espa\u00f1ol\">Espa\u00f1ol<\/a>, <a href=\"https:\/\/tikatours.pe\/en\/wp-json\/wp\/v2\/pages\/573\" class=\"qtranxs-available-language-link qtranxs-available-language-link-en\" title=\"English\">English<\/a> y <a href=\"https:\/\/tikatours.pe\/ru\/wp-json\/wp\/v2\/pages\/573\" class=\"qtranxs-available-language-link qtranxs-available-language-link-ru\" title=\"\u0420\u0443\u0441\u0441\u043a\u0438\u0439\">\u0420\u0443\u0441\u0441\u043a\u0438\u0439<\/a>.<\/p>\n","protected":false},"excerpt":{"rendered":"<p>Desculpe-nos, mas este texto est\u00e1 apenas dispon\u00edvel em Espa\u00f1ol, English y \u0420\u0443\u0441\u0441\u043a\u0438\u0439.<\/p>\n","protected":false},"author":1,"featured_media":0,"parent":0,"menu_order":0,"comment_status":"open","ping_status":"open","template":"","meta":{"content-type":"","footnotes":""},"class_list":["post-573","page","type-page","status-publish","hentry"],"yoast_head":"<!-- This site is optimized with the Yoast SEO plugin v27.0 - https:\/\/yoast.com\/product\/yoast-seo-wordpress\/ -->\n<title>(English) About Us | Tika Tours - Tour Operator &amp; DMC Peru<\/title>\n<meta name=\"description\" content=\"(Espa\u00f1ol) Tika Tours &amp; DMC Per\u00fa empresa especializada en consultor\u00eda y dise\u00f1o de paquetes a la medida, con un excelente equipo de profesionales de alto nivel.Tika Tours &amp; DMC Per\u00fa empresa especializada en asesoria y dise\u00f1o de paquetes a la medida, con un excelente equipo de profesionales de alto nivel.\" \/>\n<meta name=\"robots\" content=\"index, follow, max-snippet:-1, max-image-preview:large, max-video-preview:-1\" \/>\n<link rel=\"canonical\" href=\"https:\/\/tikatours.pe\/nosotros\/\" \/>\n<meta property=\"og:locale\" content=\"pt_BR\" \/>\n<meta property=\"og:type\" content=\"article\" \/>\n<meta property=\"og:title\" content=\"[:en]About Us | Tika Tours - Tour Operator &amp; DMC Peru[:]\" \/>\n<meta property=\"og:description\" content=\"{:es}Tika Tours &amp; DMC Per\u00fa empresa especializada en consultor\u00eda y dise\u00f1o de paquetes a la medida, con un excelente equipo de profesionales de alto nivel.Tika Tours &amp; DMC Per\u00fa empresa especializada en asesoria y dise\u00f1o de paquetes a la medida, con un excelente equipo de profesionales de alto nivel.{:en}Tika Tours &amp; DMC Peru is a company specialized in consulting and custom package design, with an excellent team of high level professionals.Tika Tours &amp; DMC Peru is a company specialized in consulting and custom package design, with an excellent team of high level professionals.{:}\" \/>\n<meta property=\"og:url\" content=\"https:\/\/tikatours.pe\/nosotros\/\" \/>\n<meta property=\"og:site_name\" content=\"Tika Tours - Tour Operador &amp; DMC Per\u00fa\" \/>\n<meta property=\"article:publisher\" content=\"https:\/\/www.facebook.com\/tikatours\/\" \/>\n<meta property=\"article:modified_time\" content=\"2024-07-17T21:21:18+00:00\" \/>\n<meta property=\"og:image\" content=\"http:\/\/tikatours.pe\/wp-content\/uploads\/2018\/11\/IATA.jpg\" \/>\n<meta name=\"twitter:card\" content=\"summary_large_image\" \/>\n<meta name=\"twitter:label1\" content=\"Est. tempo de leitura\" \/>\n\t<meta name=\"twitter:data1\" content=\"3 minutos\" \/>\n<script type=\"application\/ld+json\" class=\"yoast-schema-graph\">{\"@context\":\"https:\/\/schema.org\",\"@graph\":[{\"@type\":\"WebPage\",\"@id\":\"https:\/\/tikatours.pe\/nosotros\/\",\"url\":\"https:\/\/tikatours.pe\/nosotros\/\",\"name\":\"[:en]About Us | Tika Tours - Tour Operator & DMC Peru[:]\",\"isPartOf\":{\"@id\":\"https:\/\/tikatours.pe\/es\/#website\"},\"datePublished\":\"2014-11-22T07:46:57+00:00\",\"dateModified\":\"2024-07-17T21:21:18+00:00\",\"description\":\"{:es}Tika Tours & DMC Per\u00fa empresa especializada en consultor\u00eda y dise\u00f1o de paquetes a la medida, con un excelente equipo de profesionales de alto nivel.Tika Tours & DMC Per\u00fa empresa especializada en asesoria y dise\u00f1o de paquetes a la medida, con un excelente equipo de profesionales de alto nivel.{:en}Tika Tours & DMC Peru is a company specialized in consulting and custom package design, with an excellent team of high level professionals.Tika Tours & DMC Peru is a company specialized in consulting and custom package design, with an excellent team of high level professionals.{:}\",\"breadcrumb\":{\"@id\":\"https:\/\/tikatours.pe\/nosotros\/#breadcrumb\"},\"inLanguage\":\"pt-BR\",\"potentialAction\":[{\"@type\":\"ReadAction\",\"target\":[\"https:\/\/tikatours.pe\/nosotros\/\"]}]},{\"@type\":\"BreadcrumbList\",\"@id\":\"https:\/\/tikatours.pe\/nosotros\/#breadcrumb\",\"itemListElement\":[{\"@type\":\"ListItem\",\"position\":1,\"name\":\"Portada\",\"item\":\"https:\/\/tikatours.pe\/\"},{\"@type\":\"ListItem\",\"position\":2,\"name\":\"Sobre Nosotros\"}]},{\"@type\":\"WebSite\",\"@id\":\"https:\/\/tikatours.pe\/es\/#website\",\"url\":\"https:\/\/tikatours.pe\/es\/\",\"name\":\"Tika Tours - Tour Operador &amp; DMC Per\u00fa\",\"description\":\"(Espa\u00f1ol) Programas Tur\u00edsticos a medida Per\u00fa\",\"publisher\":{\"@id\":\"https:\/\/tikatours.pe\/es\/#organization\"},\"potentialAction\":[{\"@type\":\"SearchAction\",\"target\":{\"@type\":\"EntryPoint\",\"urlTemplate\":\"https:\/\/tikatours.pe\/es\/?s={search_term_string}\"},\"query-input\":{\"@type\":\"PropertyValueSpecification\",\"valueRequired\":true,\"valueName\":\"search_term_string\"}}],\"inLanguage\":\"pt-BR\"},{\"@type\":\"Organization\",\"@id\":\"https:\/\/tikatours.pe\/es\/#organization\",\"name\":\"Tika Tours\",\"url\":\"https:\/\/tikatours.pe\/es\/\",\"logo\":{\"@type\":\"ImageObject\",\"inLanguage\":\"pt-BR\",\"@id\":\"https:\/\/tikatours.pe\/es\/#\/schema\/logo\/image\/\",\"url\":\"https:\/\/tikatours.pe\/wp-content\/uploads\/2018\/09\/logo7v@2x.png\",\"contentUrl\":\"https:\/\/tikatours.pe\/wp-content\/uploads\/2018\/09\/logo7v@2x.png\",\"width\":336,\"height\":80,\"caption\":\"Tika Tours\"},\"image\":{\"@id\":\"https:\/\/tikatours.pe\/es\/#\/schema\/logo\/image\/\"},\"sameAs\":[\"https:\/\/www.facebook.com\/tikatours\/\"]}]}<\/script>\n<!-- \/ Yoast SEO plugin. -->","yoast_head_json":{"title":"(English) About Us | Tika Tours - Tour Operator & DMC Peru","description":"(Espa\u00f1ol) Tika Tours & DMC Per\u00fa empresa especializada en consultor\u00eda y dise\u00f1o de paquetes a la medida, con un excelente equipo de profesionales de alto nivel.Tika Tours & DMC Per\u00fa empresa especializada en asesoria y dise\u00f1o de paquetes a la medida, con un excelente equipo de profesionales de alto nivel.","robots":{"index":"index","follow":"follow","max-snippet":"max-snippet:-1","max-image-preview":"max-image-preview:large","max-video-preview":"max-video-preview:-1"},"canonical":"https:\/\/tikatours.pe\/nosotros\/","og_locale":"pt_BR","og_type":"article","og_title":"[:en]About Us | Tika Tours - Tour Operator & DMC Peru[:]","og_description":"{:es}Tika Tours & DMC Per\u00fa empresa especializada en consultor\u00eda y dise\u00f1o de paquetes a la medida, con un excelente equipo de profesionales de alto nivel.Tika Tours & DMC Per\u00fa empresa especializada en asesoria y dise\u00f1o de paquetes a la medida, con un excelente equipo de profesionales de alto nivel.{:en}Tika Tours & DMC Peru is a company specialized in consulting and custom package design, with an excellent team of high level professionals.Tika Tours & DMC Peru is a company specialized in consulting and custom package design, with an excellent team of high level professionals.{:}","og_url":"https:\/\/tikatours.pe\/nosotros\/","og_site_name":"Tika Tours - Tour Operador &amp; DMC Per\u00fa","article_publisher":"https:\/\/www.facebook.com\/tikatours\/","article_modified_time":"2024-07-17T21:21:18+00:00","og_image":[{"url":"http:\/\/tikatours.pe\/wp-content\/uploads\/2018\/11\/IATA.jpg","type":"","width":"","height":""}],"twitter_card":"summary_large_image","twitter_misc":{"Est. tempo de leitura":"3 minutos"},"schema":{"@context":"https:\/\/schema.org","@graph":[{"@type":"WebPage","@id":"https:\/\/tikatours.pe\/nosotros\/","url":"https:\/\/tikatours.pe\/nosotros\/","name":"[:en]About Us | Tika Tours - Tour Operator & DMC Peru[:]","isPartOf":{"@id":"https:\/\/tikatours.pe\/es\/#website"},"datePublished":"2014-11-22T07:46:57+00:00","dateModified":"2024-07-17T21:21:18+00:00","description":"{:es}Tika Tours & DMC Per\u00fa empresa especializada en consultor\u00eda y dise\u00f1o de paquetes a la medida, con un excelente equipo de profesionales de alto nivel.Tika Tours & DMC Per\u00fa empresa especializada en asesoria y dise\u00f1o de paquetes a la medida, con un excelente equipo de profesionales de alto nivel.{:en}Tika Tours & DMC Peru is a company specialized in consulting and custom package design, with an excellent team of high level professionals.Tika Tours & DMC Peru is a company specialized in consulting and custom package design, with an excellent team of high level professionals.{:}","breadcrumb":{"@id":"https:\/\/tikatours.pe\/nosotros\/#breadcrumb"},"inLanguage":"pt-BR","potentialAction":[{"@type":"ReadAction","target":["https:\/\/tikatours.pe\/nosotros\/"]}]},{"@type":"BreadcrumbList","@id":"https:\/\/tikatours.pe\/nosotros\/#breadcrumb","itemListElement":[{"@type":"ListItem","position":1,"name":"Portada","item":"https:\/\/tikatours.pe\/"},{"@type":"ListItem","position":2,"name":"Sobre Nosotros"}]},{"@type":"WebSite","@id":"https:\/\/tikatours.pe\/es\/#website","url":"https:\/\/tikatours.pe\/es\/","name":"Tika Tours - Tour Operador &amp; DMC Per\u00fa","description":"(Espa\u00f1ol) Programas Tur\u00edsticos a medida Per\u00fa","publisher":{"@id":"https:\/\/tikatours.pe\/es\/#organization"},"potentialAction":[{"@type":"SearchAction","target":{"@type":"EntryPoint","urlTemplate":"https:\/\/tikatours.pe\/es\/?s={search_term_string}"},"query-input":{"@type":"PropertyValueSpecification","valueRequired":true,"valueName":"search_term_string"}}],"inLanguage":"pt-BR"},{"@type":"Organization","@id":"https:\/\/tikatours.pe\/es\/#organization","name":"Tika Tours","url":"https:\/\/tikatours.pe\/es\/","logo":{"@type":"ImageObject","inLanguage":"pt-BR","@id":"https:\/\/tikatours.pe\/es\/#\/schema\/logo\/image\/","url":"https:\/\/tikatours.pe\/wp-content\/uploads\/2018\/09\/logo7v@2x.png","contentUrl":"https:\/\/tikatours.pe\/wp-content\/uploads\/2018\/09\/logo7v@2x.png","width":336,"height":80,"caption":"Tika Tours"},"image":{"@id":"https:\/\/tikatours.pe\/es\/#\/schema\/logo\/image\/"},"sameAs":["https:\/\/www.facebook.com\/tikatours\/"]}]}},"jetpack_sharing_enabled":true,"_links":{"self":[{"href":"https:\/\/tikatours.pe\/pb\/wp-json\/wp\/v2\/pages\/573","targetHints":{"allow":["GET"]}}],"collection":[{"href":"https:\/\/tikatours.pe\/pb\/wp-json\/wp\/v2\/pages"}],"about":[{"href":"https:\/\/tikatours.pe\/pb\/wp-json\/wp\/v2\/types\/page"}],"author":[{"embeddable":true,"href":"https:\/\/tikatours.pe\/pb\/wp-json\/wp\/v2\/users\/1"}],"replies":[{"embeddable":true,"href":"https:\/\/tikatours.pe\/pb\/wp-json\/wp\/v2\/comments?post=573"}],"version-history":[{"count":167,"href":"https:\/\/tikatours.pe\/pb\/wp-json\/wp\/v2\/pages\/573\/revisions"}],"predecessor-version":[{"id":5609,"href":"https:\/\/tikatours.pe\/pb\/wp-json\/wp\/v2\/pages\/573\/revisions\/5609"}],"wp:attachment":[{"href":"https:\/\/tikatours.pe\/pb\/wp-json\/wp\/v2\/media?parent=573"}],"curies":[{"name":"wp","href":"https:\/\/api.w.org\/{rel}","templated":true}]}}