{"id":4701,"date":"2019-02-14T11:25:55","date_gmt":"2019-02-14T16:25:55","guid":{"rendered":"https:\/\/tikatours.pe\/?page_id=4701"},"modified":"2019-07-02T15:02:20","modified_gmt":"2019-07-02T20:02:20","slug":"sistema-reserva-online","status":"publish","type":"page","link":"https:\/\/tikatours.pe\/ru\/sistema-reserva-online\/","title":{"rendered":"\u0421\u0438\u0441\u0442\u0435\u043c\u0430 \u043e\u043d\u043b\u0430\u0439\u043d \u0431\u0440\u043e\u043d\u0438\u0440\u043e\u0432\u0430\u043d\u0438\u044f"},"content":{"rendered":"<p style=\"text-align: center;\">[vc_row][vc_column][vc_single_image source=&#8221;external_link&#8221; alignment=&#8221;center&#8221; custom_src=&#8221;http:\/\/tikatours.pe\/wp-content\/uploads\/2019\/02\/F-tika-online-eng.png&#8221;][\/vc_column][\/vc_row][vc_row][vc_column][vc_column_text]\n<h2 style=\"text-align: center;\"><span style=\"font-size: 14pt;\"><strong>\u041d\u0435\u0437\u0430\u0431\u044b\u0432\u0430\u0435\u043c\u044b\u0435 \u0432\u043f\u0435\u0447\u0430\u0442\u043b\u0435\u043d\u0438\u044f \u0441 \u043d\u0430\u0448\u0438\u043c\u0438 \u0442\u0443\u0440\u043f\u0430\u043a\u0435\u0442\u0430\u043c\u0438<\/strong><\/span><\/h2>\n<p style=\"text-align: center;\"><div class=\"su-button-center\"><a href=\"https:\/\/online.tikatours.pe\/main\" class=\"su-button su-button-style-default\" style=\"color:#FFFFFF;background-color:#162b75;border-color:#12235e;border-radius:0px\" target=\"_self\" id=\"btingresar_ahora\"><span style=\"color:#FFFFFF;padding:0px 20px;font-size:16px;line-height:32px;border-color:#5c6b9f;border-radius:0px;text-shadow:none\"> <strong>\u0412\u0425\u041e\u0414 \u0421\u0415\u0419\u0427\u0410\u0421[<\/strong>\/su_button]\n<p>&nbsp;<\/p>\n<p style=\"text-align: center\"><strong>\u041f\u043e\u0437\u043d\u0430\u043a\u043e\u043c\u044c\u0442\u0435\u0441\u044c \u0441 \u043d\u0430\u0448\u0438\u043c\u0438 \u0441\u043f\u0435\u0446\u0438\u0430\u043b\u044c\u043d\u044b\u043c\u0438 \u043f\u0430\u043a\u0435\u0442\u0430\u043c\u0438!<\/strong><\/p>\n<p style=\"text-align: center\"><strong><span style=\"font-size: 14pt\">\u0423 \u0432\u0430\u0441 \u043d\u0435\u0442 \u043e\u043d\u043b\u0430\u0439\u043d-\u0430\u043a\u043a\u0430\u0443\u043d\u0442\u0430 \u0432 \u0422\u0438\u043a\u0435?<\/span><\/strong><\/p>\n<p style=\"text-align: center\"><div class=\"su-button-center\"><a href=\"http:\/\/online.tikatours.pe\/register\" class=\"su-button su-button-style-default\" style=\"color:#FFFFFF;background-color:#165175;border-color:#12415e;border-radius:0px\" target=\"_self\" id=\"btingresar_ahora\"><span style=\"color:#FFFFFF;padding:0px 20px;font-size:16px;line-height:32px;border-color:#5c869f;border-radius:0px\"> <\/span><\/a><\/div><strong>\u041f\u041e\u0414\u041f\u0418\u0421\u0410\u0422\u042c\u0421\u042f<\/strong><\/span><\/a><\/div>\n[\/vc_column_text][\/vc_column][\/vc_row]\n","protected":false},"excerpt":{"rendered":"<p>[vc_row][vc_column][vc_single_image source=&#8221;external_link&#8221; alignment=&#8221;center&#8221; custom_src=&#8221;http:\/\/tikatours.pe\/wp-content\/uploads\/2019\/02\/F-tika-online-eng.png&#8221;][\/vc_column][\/vc_row][vc_row][vc_column][vc_column_text] \u041d\u0435\u0437\u0430\u0431\u044b\u0432\u0430\u0435\u043c\u044b\u0435 \u0432\u043f\u0435\u0447\u0430\u0442\u043b\u0435\u043d\u0438\u044f \u0441 \u043d\u0430\u0448\u0438\u043c\u0438 \u0442\u0443\u0440\u043f\u0430\u043a\u0435\u0442\u0430\u043c\u0438 [\/vc_column_text][\/vc_column][\/vc_row]<\/p>\n","protected":false},"author":4,"featured_media":0,"parent":0,"menu_order":0,"comment_status":"closed","ping_status":"closed","template":"","meta":{"content-type":"","footnotes":""},"class_list":["post-4701","page","type-page","status-publish","hentry"],"yoast_head":"<!-- This site is optimized with the Yoast SEO plugin v27.0 - https:\/\/yoast.com\/product\/yoast-seo-wordpress\/ -->\n<title>\u0421\u0438\u0441\u0442\u0435\u043c\u0430 \u043e\u043d\u043b\u0430\u0439\u043d \u0431\u0440\u043e\u043d\u0438\u0440\u043e\u0432\u0430\u043d\u0438\u044f | Tika Tours - Tour Operador &amp; DMC Per\u00fa<\/title>\n<meta name=\"description\" content=\"(Espa\u00f1ol) Sistema de Reservas Online de nuestros paquetes turisticos, la mejor experiencia en Per\u00fa: Paquetes dinamicos, paquetes exclusivos, etc.\" \/>\n<meta name=\"robots\" content=\"index, follow, max-snippet:-1, max-image-preview:large, max-video-preview:-1\" \/>\n<link rel=\"canonical\" href=\"https:\/\/tikatours.pe\/pb\/sistema-reserva-online\/\" \/>\n<meta property=\"og:locale\" content=\"ru_RU\" \/>\n<meta property=\"og:type\" content=\"article\" \/>\n<meta property=\"og:title\" content=\"\u0421\u0438\u0441\u0442\u0435\u043c\u0430 \u043e\u043d\u043b\u0430\u0439\u043d \u0431\u0440\u043e\u043d\u0438\u0440\u043e\u0432\u0430\u043d\u0438\u044f | Tika Tours - Tour Operador &amp; DMC Per\u00fa\" \/>\n<meta property=\"og:description\" content=\"(Espa\u00f1ol) Sistema de Reservas Online de nuestros paquetes turisticos, la mejor experiencia en Per\u00fa: Paquetes dinamicos, paquetes exclusivos, etc.\" \/>\n<meta property=\"og:url\" content=\"https:\/\/tikatours.pe\/pb\/sistema-reserva-online\/\" \/>\n<meta property=\"og:site_name\" content=\"Tika Tours - Tour Operador &amp; DMC Per\u00fa\" \/>\n<meta property=\"article:publisher\" content=\"https:\/\/www.facebook.com\/tikatours\/\" \/>\n<meta property=\"article:modified_time\" content=\"2019-07-02T20:02:20+00:00\" \/>\n<meta name=\"twitter:card\" content=\"summary_large_image\" \/>\n<script type=\"application\/ld+json\" class=\"yoast-schema-graph\">{\"@context\":\"https:\/\/schema.org\",\"@graph\":[{\"@type\":\"WebPage\",\"@id\":\"https:\/\/tikatours.pe\/pb\/sistema-reserva-online\/\",\"url\":\"https:\/\/tikatours.pe\/pb\/sistema-reserva-online\/\",\"name\":\"\u0421\u0438\u0441\u0442\u0435\u043c\u0430 \u043e\u043d\u043b\u0430\u0439\u043d \u0431\u0440\u043e\u043d\u0438\u0440\u043e\u0432\u0430\u043d\u0438\u044f | Tika Tours - Tour Operador &amp; DMC Per\u00fa\",\"isPartOf\":{\"@id\":\"https:\/\/tikatours.pe\/es\/#website\"},\"datePublished\":\"2019-02-14T16:25:55+00:00\",\"dateModified\":\"2019-07-02T20:02:20+00:00\",\"description\":\"(Espa\u00f1ol) Sistema de Reservas Online de nuestros paquetes turisticos, la mejor experiencia en Per\u00fa: Paquetes dinamicos, paquetes exclusivos, etc.\",\"breadcrumb\":{\"@id\":\"https:\/\/tikatours.pe\/pb\/sistema-reserva-online\/#breadcrumb\"},\"inLanguage\":\"ru-RU\",\"potentialAction\":[{\"@type\":\"ReadAction\",\"target\":[\"https:\/\/tikatours.pe\/pb\/sistema-reserva-online\/\"]}]},{\"@type\":\"BreadcrumbList\",\"@id\":\"https:\/\/tikatours.pe\/pb\/sistema-reserva-online\/#breadcrumb\",\"itemListElement\":[{\"@type\":\"ListItem\",\"position\":1,\"name\":\"Portada\",\"item\":\"https:\/\/tikatours.pe\/\"},{\"@type\":\"ListItem\",\"position\":2,\"name\":\"(Espa\u00f1ol) Sistema de Reservas Online\"}]},{\"@type\":\"WebSite\",\"@id\":\"https:\/\/tikatours.pe\/es\/#website\",\"url\":\"https:\/\/tikatours.pe\/es\/\",\"name\":\"Tika Tours - Tour Operador &amp; DMC Per\u00fa\",\"description\":\"\u0418\u043d\u0434\u0438\u0432\u0438\u0434\u0443\u0430\u043b\u044c\u043d\u044b\u0435 \u0442\u0443\u0440\u0438\u0441\u0442\u0438\u0447\u0435\u0441\u043a\u0438\u0435 \u043f\u0440\u043e\u0433\u0440\u0430\u043c\u043c\u044b \u041f\u0435\u0440\u0443\",\"publisher\":{\"@id\":\"https:\/\/tikatours.pe\/es\/#organization\"},\"potentialAction\":[{\"@type\":\"SearchAction\",\"target\":{\"@type\":\"EntryPoint\",\"urlTemplate\":\"https:\/\/tikatours.pe\/es\/?s={search_term_string}\"},\"query-input\":{\"@type\":\"PropertyValueSpecification\",\"valueRequired\":true,\"valueName\":\"search_term_string\"}}],\"inLanguage\":\"ru-RU\"},{\"@type\":\"Organization\",\"@id\":\"https:\/\/tikatours.pe\/es\/#organization\",\"name\":\"Tika Tours\",\"url\":\"https:\/\/tikatours.pe\/es\/\",\"logo\":{\"@type\":\"ImageObject\",\"inLanguage\":\"ru-RU\",\"@id\":\"https:\/\/tikatours.pe\/es\/#\/schema\/logo\/image\/\",\"url\":\"https:\/\/tikatours.pe\/wp-content\/uploads\/2018\/09\/logo7v@2x.png\",\"contentUrl\":\"https:\/\/tikatours.pe\/wp-content\/uploads\/2018\/09\/logo7v@2x.png\",\"width\":336,\"height\":80,\"caption\":\"Tika Tours\"},\"image\":{\"@id\":\"https:\/\/tikatours.pe\/es\/#\/schema\/logo\/image\/\"},\"sameAs\":[\"https:\/\/www.facebook.com\/tikatours\/\"]}]}<\/script>\n<!-- \/ Yoast SEO plugin. -->","yoast_head_json":{"title":"\u0421\u0438\u0441\u0442\u0435\u043c\u0430 \u043e\u043d\u043b\u0430\u0439\u043d \u0431\u0440\u043e\u043d\u0438\u0440\u043e\u0432\u0430\u043d\u0438\u044f | Tika Tours - Tour Operador &amp; DMC Per\u00fa","description":"(Espa\u00f1ol) Sistema de Reservas Online de nuestros paquetes turisticos, la mejor experiencia en Per\u00fa: Paquetes dinamicos, paquetes exclusivos, etc.","robots":{"index":"index","follow":"follow","max-snippet":"max-snippet:-1","max-image-preview":"max-image-preview:large","max-video-preview":"max-video-preview:-1"},"canonical":"https:\/\/tikatours.pe\/pb\/sistema-reserva-online\/","og_locale":"ru_RU","og_type":"article","og_title":"\u0421\u0438\u0441\u0442\u0435\u043c\u0430 \u043e\u043d\u043b\u0430\u0439\u043d \u0431\u0440\u043e\u043d\u0438\u0440\u043e\u0432\u0430\u043d\u0438\u044f | Tika Tours - Tour Operador &amp; DMC Per\u00fa","og_description":"(Espa\u00f1ol) Sistema de Reservas Online de nuestros paquetes turisticos, la mejor experiencia en Per\u00fa: Paquetes dinamicos, paquetes exclusivos, etc.","og_url":"https:\/\/tikatours.pe\/pb\/sistema-reserva-online\/","og_site_name":"Tika Tours - Tour Operador &amp; DMC Per\u00fa","article_publisher":"https:\/\/www.facebook.com\/tikatours\/","article_modified_time":"2019-07-02T20:02:20+00:00","twitter_card":"summary_large_image","schema":{"@context":"https:\/\/schema.org","@graph":[{"@type":"WebPage","@id":"https:\/\/tikatours.pe\/pb\/sistema-reserva-online\/","url":"https:\/\/tikatours.pe\/pb\/sistema-reserva-online\/","name":"\u0421\u0438\u0441\u0442\u0435\u043c\u0430 \u043e\u043d\u043b\u0430\u0439\u043d \u0431\u0440\u043e\u043d\u0438\u0440\u043e\u0432\u0430\u043d\u0438\u044f | Tika Tours - Tour Operador &amp; DMC Per\u00fa","isPartOf":{"@id":"https:\/\/tikatours.pe\/es\/#website"},"datePublished":"2019-02-14T16:25:55+00:00","dateModified":"2019-07-02T20:02:20+00:00","description":"(Espa\u00f1ol) Sistema de Reservas Online de nuestros paquetes turisticos, la mejor experiencia en Per\u00fa: Paquetes dinamicos, paquetes exclusivos, etc.","breadcrumb":{"@id":"https:\/\/tikatours.pe\/pb\/sistema-reserva-online\/#breadcrumb"},"inLanguage":"ru-RU","potentialAction":[{"@type":"ReadAction","target":["https:\/\/tikatours.pe\/pb\/sistema-reserva-online\/"]}]},{"@type":"BreadcrumbList","@id":"https:\/\/tikatours.pe\/pb\/sistema-reserva-online\/#breadcrumb","itemListElement":[{"@type":"ListItem","position":1,"name":"Portada","item":"https:\/\/tikatours.pe\/"},{"@type":"ListItem","position":2,"name":"(Espa\u00f1ol) Sistema de Reservas Online"}]},{"@type":"WebSite","@id":"https:\/\/tikatours.pe\/es\/#website","url":"https:\/\/tikatours.pe\/es\/","name":"Tika Tours - Tour Operador &amp; DMC Per\u00fa","description":"\u0418\u043d\u0434\u0438\u0432\u0438\u0434\u0443\u0430\u043b\u044c\u043d\u044b\u0435 \u0442\u0443\u0440\u0438\u0441\u0442\u0438\u0447\u0435\u0441\u043a\u0438\u0435 \u043f\u0440\u043e\u0433\u0440\u0430\u043c\u043c\u044b \u041f\u0435\u0440\u0443","publisher":{"@id":"https:\/\/tikatours.pe\/es\/#organization"},"potentialAction":[{"@type":"SearchAction","target":{"@type":"EntryPoint","urlTemplate":"https:\/\/tikatours.pe\/es\/?s={search_term_string}"},"query-input":{"@type":"PropertyValueSpecification","valueRequired":true,"valueName":"search_term_string"}}],"inLanguage":"ru-RU"},{"@type":"Organization","@id":"https:\/\/tikatours.pe\/es\/#organization","name":"Tika Tours","url":"https:\/\/tikatours.pe\/es\/","logo":{"@type":"ImageObject","inLanguage":"ru-RU","@id":"https:\/\/tikatours.pe\/es\/#\/schema\/logo\/image\/","url":"https:\/\/tikatours.pe\/wp-content\/uploads\/2018\/09\/logo7v@2x.png","contentUrl":"https:\/\/tikatours.pe\/wp-content\/uploads\/2018\/09\/logo7v@2x.png","width":336,"height":80,"caption":"Tika Tours"},"image":{"@id":"https:\/\/tikatours.pe\/es\/#\/schema\/logo\/image\/"},"sameAs":["https:\/\/www.facebook.com\/tikatours\/"]}]}},"jetpack_sharing_enabled":true,"_links":{"self":[{"href":"https:\/\/tikatours.pe\/ru\/wp-json\/wp\/v2\/pages\/4701","targetHints":{"allow":["GET"]}}],"collection":[{"href":"https:\/\/tikatours.pe\/ru\/wp-json\/wp\/v2\/pages"}],"about":[{"href":"https:\/\/tikatours.pe\/ru\/wp-json\/wp\/v2\/types\/page"}],"author":[{"embeddable":true,"href":"https:\/\/tikatours.pe\/ru\/wp-json\/wp\/v2\/users\/4"}],"replies":[{"embeddable":true,"href":"https:\/\/tikatours.pe\/ru\/wp-json\/wp\/v2\/comments?post=4701"}],"version-history":[{"count":29,"href":"https:\/\/tikatours.pe\/ru\/wp-json\/wp\/v2\/pages\/4701\/revisions"}],"predecessor-version":[{"id":5222,"href":"https:\/\/tikatours.pe\/ru\/wp-json\/wp\/v2\/pages\/4701\/revisions\/5222"}],"wp:attachment":[{"href":"https:\/\/tikatours.pe\/ru\/wp-json\/wp\/v2\/media?parent=4701"}],"curies":[{"name":"wp","href":"https:\/\/api.w.org\/{rel}","templated":true}]}}