{"id":5368,"date":"2019-09-20T11:04:48","date_gmt":"2019-09-20T16:04:48","guid":{"rendered":"https:\/\/tikatours.pe\/?page_id=5368"},"modified":"2019-09-20T11:55:57","modified_gmt":"2019-09-20T16:55:57","slug":"fit-2019","status":"publish","type":"page","link":"https:\/\/tikatours.pe\/ru\/fit-2019\/","title":{"rendered":"(Espa\u00f1ol) Agendar cita en la FIT 2019"},"content":{"rendered":"<p class=\"qtranxs-available-languages-message qtranxs-available-languages-message-ru\">\u0418\u0437\u0432\u0438\u043d\u0438\u0442\u0435, \u044d\u0442\u043e\u0442 \u0442\u0435\u0445\u0442 \u0434\u043e\u0441\u0442\u0443\u043f\u0435\u043d \u0442\u043e\u043b\u044c\u043a\u043e \u0432 &ldquo;<a href=\"https:\/\/tikatours.pe\/es\/wp-json\/wp\/v2\/pages\/5368\" class=\"qtranxs-available-language-link qtranxs-available-language-link-es\" title=\"Espa\u00f1ol\">Espa\u00f1ol<\/a>&rdquo; \u0438 &ldquo;<a href=\"https:\/\/tikatours.pe\/en\/wp-json\/wp\/v2\/pages\/5368\" class=\"qtranxs-available-language-link qtranxs-available-language-link-en\" title=\"English\">English<\/a>&rdquo;.<\/p>\n","protected":false},"excerpt":{"rendered":"<p>\u0418\u0437\u0432\u0438\u043d\u0438\u0442\u0435, \u044d\u0442\u043e\u0442 \u0442\u0435\u0445\u0442 \u0434\u043e\u0441\u0442\u0443\u043f\u0435\u043d \u0442\u043e\u043b\u044c\u043a\u043e \u0432 &ldquo;Espa\u00f1ol&rdquo; \u0438 &ldquo;English&rdquo;.<\/p>\n","protected":false},"author":3,"featured_media":0,"parent":0,"menu_order":0,"comment_status":"closed","ping_status":"closed","template":"","meta":{"content-type":"","footnotes":""},"class_list":["post-5368","page","type-page","status-publish","hentry"],"yoast_head":"<!-- This site is optimized with the Yoast SEO plugin v27.0 - https:\/\/yoast.com\/product\/yoast-seo-wordpress\/ -->\n<title>(Espa\u00f1ol) Agendar cita en la FIT 2019 | Tika Tours - Tour Operador &amp; DMC Per\u00fa<\/title>\n<meta name=\"description\" content=\"(Espa\u00f1ol) Tika Tours estar\u00e1 presente en el FIT 2019 Argentina. conozca nuestros servicios y tours que ofreceremos. Agende una cita aqu\u00ed.\" \/>\n<meta name=\"robots\" content=\"index, follow, max-snippet:-1, max-image-preview:large, max-video-preview:-1\" \/>\n<link rel=\"canonical\" href=\"https:\/\/tikatours.pe\/ru\/fit-2019\/\" \/>\n<meta property=\"og:locale\" content=\"ru_RU\" \/>\n<meta property=\"og:type\" content=\"article\" \/>\n<meta property=\"og:title\" content=\"(Espa\u00f1ol) Agendar cita en la FIT 2019 | Tika Tours - Tour Operador &amp; DMC Per\u00fa\" \/>\n<meta property=\"og:description\" content=\"(Espa\u00f1ol) Tika Tours estar\u00e1 presente en el FIT 2019 Argentina. conozca nuestros servicios y tours que ofreceremos. Agende una cita aqu\u00ed.\" \/>\n<meta property=\"og:url\" content=\"https:\/\/tikatours.pe\/ru\/fit-2019\/\" \/>\n<meta property=\"og:site_name\" content=\"Tika Tours - Tour Operador &amp; DMC Per\u00fa\" \/>\n<meta property=\"article:publisher\" content=\"https:\/\/www.facebook.com\/tikatours\/\" \/>\n<meta property=\"article:modified_time\" content=\"2019-09-20T16:55:57+00:00\" \/>\n<meta name=\"twitter:card\" content=\"summary_large_image\" \/>\n<script type=\"application\/ld+json\" class=\"yoast-schema-graph\">{\"@context\":\"https:\/\/schema.org\",\"@graph\":[{\"@type\":\"WebPage\",\"@id\":\"https:\/\/tikatours.pe\/ru\/fit-2019\/\",\"url\":\"https:\/\/tikatours.pe\/ru\/fit-2019\/\",\"name\":\"(Espa\u00f1ol) Agendar cita en la FIT 2019 | Tika Tours - Tour Operador &amp; DMC Per\u00fa\",\"isPartOf\":{\"@id\":\"https:\/\/tikatours.pe\/es\/#website\"},\"datePublished\":\"2019-09-20T16:04:48+00:00\",\"dateModified\":\"2019-09-20T16:55:57+00:00\",\"description\":\"(Espa\u00f1ol) Tika Tours estar\u00e1 presente en el FIT 2019 Argentina. conozca nuestros servicios y tours que ofreceremos. Agende una cita aqu\u00ed.\",\"breadcrumb\":{\"@id\":\"https:\/\/tikatours.pe\/ru\/fit-2019\/#breadcrumb\"},\"inLanguage\":\"ru-RU\",\"potentialAction\":[{\"@type\":\"ReadAction\",\"target\":[\"https:\/\/tikatours.pe\/ru\/fit-2019\/\"]}]},{\"@type\":\"BreadcrumbList\",\"@id\":\"https:\/\/tikatours.pe\/ru\/fit-2019\/#breadcrumb\",\"itemListElement\":[{\"@type\":\"ListItem\",\"position\":1,\"name\":\"Portada\",\"item\":\"https:\/\/tikatours.pe\/\"},{\"@type\":\"ListItem\",\"position\":2,\"name\":\"(Espa\u00f1ol) Agendar cita en la FIT 2019\"}]},{\"@type\":\"WebSite\",\"@id\":\"https:\/\/tikatours.pe\/es\/#website\",\"url\":\"https:\/\/tikatours.pe\/es\/\",\"name\":\"Tika Tours - Tour Operador &amp; DMC Per\u00fa\",\"description\":\"\u0418\u043d\u0434\u0438\u0432\u0438\u0434\u0443\u0430\u043b\u044c\u043d\u044b\u0435 \u0442\u0443\u0440\u0438\u0441\u0442\u0438\u0447\u0435\u0441\u043a\u0438\u0435 \u043f\u0440\u043e\u0433\u0440\u0430\u043c\u043c\u044b \u041f\u0435\u0440\u0443\",\"publisher\":{\"@id\":\"https:\/\/tikatours.pe\/es\/#organization\"},\"potentialAction\":[{\"@type\":\"SearchAction\",\"target\":{\"@type\":\"EntryPoint\",\"urlTemplate\":\"https:\/\/tikatours.pe\/es\/?s={search_term_string}\"},\"query-input\":{\"@type\":\"PropertyValueSpecification\",\"valueRequired\":true,\"valueName\":\"search_term_string\"}}],\"inLanguage\":\"ru-RU\"},{\"@type\":\"Organization\",\"@id\":\"https:\/\/tikatours.pe\/es\/#organization\",\"name\":\"Tika Tours\",\"url\":\"https:\/\/tikatours.pe\/es\/\",\"logo\":{\"@type\":\"ImageObject\",\"inLanguage\":\"ru-RU\",\"@id\":\"https:\/\/tikatours.pe\/es\/#\/schema\/logo\/image\/\",\"url\":\"https:\/\/tikatours.pe\/wp-content\/uploads\/2018\/09\/logo7v@2x.png\",\"contentUrl\":\"https:\/\/tikatours.pe\/wp-content\/uploads\/2018\/09\/logo7v@2x.png\",\"width\":336,\"height\":80,\"caption\":\"Tika Tours\"},\"image\":{\"@id\":\"https:\/\/tikatours.pe\/es\/#\/schema\/logo\/image\/\"},\"sameAs\":[\"https:\/\/www.facebook.com\/tikatours\/\"]}]}<\/script>\n<!-- \/ Yoast SEO plugin. -->","yoast_head_json":{"title":"(Espa\u00f1ol) Agendar cita en la FIT 2019 | Tika Tours - Tour Operador &amp; DMC Per\u00fa","description":"(Espa\u00f1ol) Tika Tours estar\u00e1 presente en el FIT 2019 Argentina. conozca nuestros servicios y tours que ofreceremos. Agende una cita aqu\u00ed.","robots":{"index":"index","follow":"follow","max-snippet":"max-snippet:-1","max-image-preview":"max-image-preview:large","max-video-preview":"max-video-preview:-1"},"canonical":"https:\/\/tikatours.pe\/ru\/fit-2019\/","og_locale":"ru_RU","og_type":"article","og_title":"(Espa\u00f1ol) Agendar cita en la FIT 2019 | Tika Tours - Tour Operador &amp; DMC Per\u00fa","og_description":"(Espa\u00f1ol) Tika Tours estar\u00e1 presente en el FIT 2019 Argentina. conozca nuestros servicios y tours que ofreceremos. Agende una cita aqu\u00ed.","og_url":"https:\/\/tikatours.pe\/ru\/fit-2019\/","og_site_name":"Tika Tours - Tour Operador &amp; DMC Per\u00fa","article_publisher":"https:\/\/www.facebook.com\/tikatours\/","article_modified_time":"2019-09-20T16:55:57+00:00","twitter_card":"summary_large_image","schema":{"@context":"https:\/\/schema.org","@graph":[{"@type":"WebPage","@id":"https:\/\/tikatours.pe\/ru\/fit-2019\/","url":"https:\/\/tikatours.pe\/ru\/fit-2019\/","name":"(Espa\u00f1ol) Agendar cita en la FIT 2019 | Tika Tours - Tour Operador &amp; DMC Per\u00fa","isPartOf":{"@id":"https:\/\/tikatours.pe\/es\/#website"},"datePublished":"2019-09-20T16:04:48+00:00","dateModified":"2019-09-20T16:55:57+00:00","description":"(Espa\u00f1ol) Tika Tours estar\u00e1 presente en el FIT 2019 Argentina. conozca nuestros servicios y tours que ofreceremos. Agende una cita aqu\u00ed.","breadcrumb":{"@id":"https:\/\/tikatours.pe\/ru\/fit-2019\/#breadcrumb"},"inLanguage":"ru-RU","potentialAction":[{"@type":"ReadAction","target":["https:\/\/tikatours.pe\/ru\/fit-2019\/"]}]},{"@type":"BreadcrumbList","@id":"https:\/\/tikatours.pe\/ru\/fit-2019\/#breadcrumb","itemListElement":[{"@type":"ListItem","position":1,"name":"Portada","item":"https:\/\/tikatours.pe\/"},{"@type":"ListItem","position":2,"name":"(Espa\u00f1ol) Agendar cita en la FIT 2019"}]},{"@type":"WebSite","@id":"https:\/\/tikatours.pe\/es\/#website","url":"https:\/\/tikatours.pe\/es\/","name":"Tika Tours - Tour Operador &amp; DMC Per\u00fa","description":"\u0418\u043d\u0434\u0438\u0432\u0438\u0434\u0443\u0430\u043b\u044c\u043d\u044b\u0435 \u0442\u0443\u0440\u0438\u0441\u0442\u0438\u0447\u0435\u0441\u043a\u0438\u0435 \u043f\u0440\u043e\u0433\u0440\u0430\u043c\u043c\u044b \u041f\u0435\u0440\u0443","publisher":{"@id":"https:\/\/tikatours.pe\/es\/#organization"},"potentialAction":[{"@type":"SearchAction","target":{"@type":"EntryPoint","urlTemplate":"https:\/\/tikatours.pe\/es\/?s={search_term_string}"},"query-input":{"@type":"PropertyValueSpecification","valueRequired":true,"valueName":"search_term_string"}}],"inLanguage":"ru-RU"},{"@type":"Organization","@id":"https:\/\/tikatours.pe\/es\/#organization","name":"Tika Tours","url":"https:\/\/tikatours.pe\/es\/","logo":{"@type":"ImageObject","inLanguage":"ru-RU","@id":"https:\/\/tikatours.pe\/es\/#\/schema\/logo\/image\/","url":"https:\/\/tikatours.pe\/wp-content\/uploads\/2018\/09\/logo7v@2x.png","contentUrl":"https:\/\/tikatours.pe\/wp-content\/uploads\/2018\/09\/logo7v@2x.png","width":336,"height":80,"caption":"Tika Tours"},"image":{"@id":"https:\/\/tikatours.pe\/es\/#\/schema\/logo\/image\/"},"sameAs":["https:\/\/www.facebook.com\/tikatours\/"]}]}},"jetpack_sharing_enabled":true,"_links":{"self":[{"href":"https:\/\/tikatours.pe\/ru\/wp-json\/wp\/v2\/pages\/5368","targetHints":{"allow":["GET"]}}],"collection":[{"href":"https:\/\/tikatours.pe\/ru\/wp-json\/wp\/v2\/pages"}],"about":[{"href":"https:\/\/tikatours.pe\/ru\/wp-json\/wp\/v2\/types\/page"}],"author":[{"embeddable":true,"href":"https:\/\/tikatours.pe\/ru\/wp-json\/wp\/v2\/users\/3"}],"replies":[{"embeddable":true,"href":"https:\/\/tikatours.pe\/ru\/wp-json\/wp\/v2\/comments?post=5368"}],"version-history":[{"count":2,"href":"https:\/\/tikatours.pe\/ru\/wp-json\/wp\/v2\/pages\/5368\/revisions"}],"predecessor-version":[{"id":5373,"href":"https:\/\/tikatours.pe\/ru\/wp-json\/wp\/v2\/pages\/5368\/revisions\/5373"}],"wp:attachment":[{"href":"https:\/\/tikatours.pe\/ru\/wp-json\/wp\/v2\/media?parent=5368"}],"curies":[{"name":"wp","href":"https:\/\/api.w.org\/{rel}","templated":true}]}}